{"id":2948,"date":"2020-04-25T07:19:35","date_gmt":"2020-04-25T07:19:35","guid":{"rendered":"http:\/\/cristianocarvalho.net\/WordPress\/?post_type=product&#038;p=2948"},"modified":"2021-12-23T21:48:11","modified_gmt":"2021-12-23T21:48:11","slug":"variador-1-10v-3-canais-knx-tx211a","status":"publish","type":"product","link":"https:\/\/cristianocarvalho.net\/WordPress\/produto\/variador-1-10v-3-canais-knx-tx211a\/","title":{"rendered":"Variador 1\/10V 3 canais KNX &#8211; TX211A"},"content":{"rendered":"<h2 class=\"big\">Variador 1\/10V 3 canais KNX &#8211; TX211A<\/h2>\n<p>Actuadores ilumina\u00e7\u00e3o vari\u00e1vel, sa\u00edda 1\/10V.<br \/>\n3 canais 1\/10V<\/p>\n<p><strong>Fun\u00e7\u00f5es:<\/strong><\/p>\n<ul>\n<li>Adequado para ligar\/desligar diferentes condutores externos.<\/li>\n<li>Para accionamento e controlo de balastros electr\u00f3nicos (EVGs) e transformadores Tronic com interface.<\/li>\n<\/ul>\n","protected":false},"excerpt":{"rendered":"<p><a href=\"https:\/\/www.hager.pt\/files\/download\/0\/684211_1\/0\/Ficha%20t%C3%A9cnica%20TX211A.pdf\">Ficha t\u00e9cnica do produto &#8211; pdf<\/a><\/p>\n<p>Actuadores ilumina\u00e7\u00e3o vari\u00e1vel, sa\u00edda 1\/10V.<br \/>\n3 canais 1\/10V<\/p>\n<p><strong>Pre\u00e7o sem IVA<br \/>\n<span style=\"color: #fc5f3f;\">Custos de expedi\u00e7\u00e3o calculado s\u00f3 para Portugal Continental.<\/span><\/strong><\/p>\n","protected":false},"featured_media":2949,"comment_status":"open","ping_status":"closed","template":"","meta":[],"product_brand":[],"product_cat":[55,54],"product_tag":[],"class_list":{"0":"post-2948","1":"product","2":"type-product","3":"status-publish","4":"has-post-thumbnail","6":"product_cat-hager-easy","7":"product_cat-hager-knx","8":"product_shipping_class-preco-inferior-a-30kg-em-portugal","10":"first","11":"onbackorder","12":"sale","13":"taxable","14":"shipping-taxable","15":"purchasable","16":"product-type-simple"},"_links":{"self":[{"href":"https:\/\/cristianocarvalho.net\/WordPress\/wp-json\/wp\/v2\/product\/2948","targetHints":{"allow":["GET"]}}],"collection":[{"href":"https:\/\/cristianocarvalho.net\/WordPress\/wp-json\/wp\/v2\/product"}],"about":[{"href":"https:\/\/cristianocarvalho.net\/WordPress\/wp-json\/wp\/v2\/types\/product"}],"replies":[{"embeddable":true,"href":"https:\/\/cristianocarvalho.net\/WordPress\/wp-json\/wp\/v2\/comments?post=2948"}],"version-history":[{"count":1,"href":"https:\/\/cristianocarvalho.net\/WordPress\/wp-json\/wp\/v2\/product\/2948\/revisions"}],"predecessor-version":[{"id":2950,"href":"https:\/\/cristianocarvalho.net\/WordPress\/wp-json\/wp\/v2\/product\/2948\/revisions\/2950"}],"wp:featuredmedia":[{"embeddable":true,"href":"https:\/\/cristianocarvalho.net\/WordPress\/wp-json\/wp\/v2\/media\/2949"}],"wp:attachment":[{"href":"https:\/\/cristianocarvalho.net\/WordPress\/wp-json\/wp\/v2\/media?parent=2948"}],"wp:term":[{"taxonomy":"product_brand","embeddable":true,"href":"https:\/\/cristianocarvalho.net\/WordPress\/wp-json\/wp\/v2\/product_brand?post=2948"},{"taxonomy":"product_cat","embeddable":true,"href":"https:\/\/cristianocarvalho.net\/WordPress\/wp-json\/wp\/v2\/product_cat?post=2948"},{"taxonomy":"product_tag","embeddable":true,"href":"https:\/\/cristianocarvalho.net\/WordPress\/wp-json\/wp\/v2\/product_tag?post=2948"}],"curies":[{"name":"wp","href":"https:\/\/api.w.org\/{rel}","templated":true}]}}