{"id":2945,"date":"2020-04-25T07:11:39","date_gmt":"2020-04-25T07:11:39","guid":{"rendered":"http:\/\/cristianocarvalho.net\/WordPress\/?post_type=product&#038;p=2945"},"modified":"2021-12-23T18:17:36","modified_gmt":"2021-12-23T18:17:36","slug":"actuador-estores-pers-4-canais-24v-knx-txa624d","status":"publish","type":"product","link":"https:\/\/cristianocarvalho.net\/WordPress\/produto\/actuador-estores-pers-4-canais-24v-knx-txa624d\/","title":{"rendered":"Actuador estores\/pers. 4 canais 24V KNX &#8211; TXA624D"},"content":{"rendered":"<h2 class=\"big\">Actuador estores\/pers. 4 canais 24V KNX &#8211; TXA624D<\/h2>\n<p>Actuadores para estores\/persianas.<br \/>\n4 motores 24V &#8211; 6A<\/p>\n<p><strong>Fun\u00e7\u00f5es:<\/strong><\/p>\n<ul>\n<li>Com fun\u00e7\u00e3o de persiana.<\/li>\n<li>Com fun\u00e7\u00e3o de posicionamento para estado de estore e posi\u00e7\u00e3o das l\u00e2minas.<\/li>\n<li>O modo de opera\u00e7\u00e3o pode ser configurado para o persiana \/ toldo.<\/li>\n<\/ul>\n","protected":false},"excerpt":{"rendered":"<p><a href=\"https:\/\/www.hager.pt\/files\/download\/0\/505369_1\/0\/Ficha%20t%C3%A9cnica%20TXA624D.pdf\">Ficha t\u00e9cnica do produto &#8211; pdf<\/a><\/p>\n<p>Actuadores para estores\/persianas.<br \/>\n4 motores 24V &#8211; 6A<\/p>\n<p><strong>Pre\u00e7o sem IVA<br \/>\n<span style=\"color: #fc5f3f;\">Custos de expedi\u00e7\u00e3o calculado s\u00f3 para Portugal Continental.<\/span><\/strong><\/p>\n","protected":false},"featured_media":2947,"comment_status":"open","ping_status":"closed","template":"","meta":[],"product_brand":[],"product_cat":[55,54],"product_tag":[],"class_list":{"0":"post-2945","1":"product","2":"type-product","3":"status-publish","4":"has-post-thumbnail","6":"product_cat-hager-easy","7":"product_cat-hager-knx","8":"product_shipping_class-preco-inferior-a-30kg-em-portugal","10":"first","11":"onbackorder","12":"sale","13":"taxable","14":"shipping-taxable","15":"purchasable","16":"product-type-simple"},"_links":{"self":[{"href":"https:\/\/cristianocarvalho.net\/WordPress\/wp-json\/wp\/v2\/product\/2945","targetHints":{"allow":["GET"]}}],"collection":[{"href":"https:\/\/cristianocarvalho.net\/WordPress\/wp-json\/wp\/v2\/product"}],"about":[{"href":"https:\/\/cristianocarvalho.net\/WordPress\/wp-json\/wp\/v2\/types\/product"}],"replies":[{"embeddable":true,"href":"https:\/\/cristianocarvalho.net\/WordPress\/wp-json\/wp\/v2\/comments?post=2945"}],"version-history":[{"count":1,"href":"https:\/\/cristianocarvalho.net\/WordPress\/wp-json\/wp\/v2\/product\/2945\/revisions"}],"predecessor-version":[{"id":2946,"href":"https:\/\/cristianocarvalho.net\/WordPress\/wp-json\/wp\/v2\/product\/2945\/revisions\/2946"}],"wp:featuredmedia":[{"embeddable":true,"href":"https:\/\/cristianocarvalho.net\/WordPress\/wp-json\/wp\/v2\/media\/2947"}],"wp:attachment":[{"href":"https:\/\/cristianocarvalho.net\/WordPress\/wp-json\/wp\/v2\/media?parent=2945"}],"wp:term":[{"taxonomy":"product_brand","embeddable":true,"href":"https:\/\/cristianocarvalho.net\/WordPress\/wp-json\/wp\/v2\/product_brand?post=2945"},{"taxonomy":"product_cat","embeddable":true,"href":"https:\/\/cristianocarvalho.net\/WordPress\/wp-json\/wp\/v2\/product_cat?post=2945"},{"taxonomy":"product_tag","embeddable":true,"href":"https:\/\/cristianocarvalho.net\/WordPress\/wp-json\/wp\/v2\/product_tag?post=2945"}],"curies":[{"name":"wp","href":"https:\/\/api.w.org\/{rel}","templated":true}]}}