{"id":2886,"date":"2020-04-21T18:41:17","date_gmt":"2020-04-21T18:41:17","guid":{"rendered":"http:\/\/cristianocarvalho.net\/WordPress\/?post_type=product&#038;p=2886"},"modified":"2021-12-23T21:28:26","modified_gmt":"2021-12-23T21:28:26","slug":"modulo-2-entr-2-saidas-leds-knx-txb322","status":"publish","type":"product","link":"https:\/\/cristianocarvalho.net\/WordPress\/produto\/modulo-2-entr-2-saidas-leds-knx-txb322\/","title":{"rendered":"M\u00f3dulo 2 entr. + 2 sa\u00eddas Leds KNX &#8211; TXB322"},"content":{"rendered":"<h2 class=\"big\">M\u00f3dulo 2 entr. + 2 sa\u00eddas Leds KNX &#8211; TXB322<\/h2>\n<p>M\u00f3dulo de entradas, de encastrar.<br \/>\n2 entradas livres de potencial + 2 sa\u00eddas LED<br \/>\nDimens\u00f5es (AxLxP): 35 x 38 x 12mm<\/p>\n<p><strong>Fun\u00e7\u00f5es:<\/strong><\/p>\n<ul>\n<li>Fun\u00e7\u00f5es de comuta\u00e7\u00e3o, fun\u00e7\u00f5es de regula\u00e7\u00e3o, fun\u00e7\u00f5es de prioridade, fun\u00e7\u00f5es de cena, fun\u00e7\u00f5es de aquecimento e fun\u00e7\u00f5es de temporiza\u00e7\u00e3o.<\/li>\n<li>ETS fun\u00e7\u00f5es adicionais: transmissor de valor 1 e 2 bytes, modo de 2 canais, fun\u00e7\u00e3o de mudan\u00e7a de n\u00edvel.<\/li>\n<\/ul>\n","protected":false},"excerpt":{"rendered":"<p><a href=\"https:\/\/www.hager.pt\/files\/download\/0\/683964_1\/0\/Ficha%20t%C3%A9cnica%20TXB322.pdf\">Ficha t\u00e9cnica do produto &#8211; pdf<\/a><\/p>\n<p>M\u00f3dulo de entradas, de encastrar.<br \/>\n2 entradas livres de potencial + 2 sa\u00eddas LED<\/p>\n<p><strong>Pre\u00e7o sem IVA<br \/>\n<span style=\"color: #fc5f3f;\">Custos de expedi\u00e7\u00e3o calculado s\u00f3 para Portugal Continental.<\/span><\/strong><\/p>\n","protected":false},"featured_media":2884,"comment_status":"open","ping_status":"closed","template":"","meta":[],"product_brand":[],"product_cat":[55,54],"product_tag":[],"class_list":{"0":"post-2886","1":"product","2":"type-product","3":"status-publish","4":"has-post-thumbnail","6":"product_cat-hager-easy","7":"product_cat-hager-knx","8":"product_shipping_class-preco-inferior-a-30kg-em-portugal","10":"first","11":"onbackorder","12":"sale","13":"taxable","14":"shipping-taxable","15":"purchasable","16":"product-type-simple"},"_links":{"self":[{"href":"https:\/\/cristianocarvalho.net\/WordPress\/wp-json\/wp\/v2\/product\/2886","targetHints":{"allow":["GET"]}}],"collection":[{"href":"https:\/\/cristianocarvalho.net\/WordPress\/wp-json\/wp\/v2\/product"}],"about":[{"href":"https:\/\/cristianocarvalho.net\/WordPress\/wp-json\/wp\/v2\/types\/product"}],"replies":[{"embeddable":true,"href":"https:\/\/cristianocarvalho.net\/WordPress\/wp-json\/wp\/v2\/comments?post=2886"}],"version-history":[{"count":4,"href":"https:\/\/cristianocarvalho.net\/WordPress\/wp-json\/wp\/v2\/product\/2886\/revisions"}],"predecessor-version":[{"id":2903,"href":"https:\/\/cristianocarvalho.net\/WordPress\/wp-json\/wp\/v2\/product\/2886\/revisions\/2903"}],"wp:featuredmedia":[{"embeddable":true,"href":"https:\/\/cristianocarvalho.net\/WordPress\/wp-json\/wp\/v2\/media\/2884"}],"wp:attachment":[{"href":"https:\/\/cristianocarvalho.net\/WordPress\/wp-json\/wp\/v2\/media?parent=2886"}],"wp:term":[{"taxonomy":"product_brand","embeddable":true,"href":"https:\/\/cristianocarvalho.net\/WordPress\/wp-json\/wp\/v2\/product_brand?post=2886"},{"taxonomy":"product_cat","embeddable":true,"href":"https:\/\/cristianocarvalho.net\/WordPress\/wp-json\/wp\/v2\/product_cat?post=2886"},{"taxonomy":"product_tag","embeddable":true,"href":"https:\/\/cristianocarvalho.net\/WordPress\/wp-json\/wp\/v2\/product_tag?post=2886"}],"curies":[{"name":"wp","href":"https:\/\/api.w.org\/{rel}","templated":true}]}}