{"id":2846,"date":"2020-04-21T17:04:31","date_gmt":"2020-04-21T17:04:31","guid":{"rendered":"http:\/\/cristianocarvalho.net\/WordPress\/?post_type=product&#038;p=2846"},"modified":"2021-12-23T21:34:51","modified_gmt":"2021-12-23T21:34:51","slug":"sensor-luminosidade-rf-trc321b","status":"publish","type":"product","link":"https:\/\/cristianocarvalho.net\/WordPress\/produto\/sensor-luminosidade-rf-trc321b\/","title":{"rendered":"Sensor luminosidade RF &#8211; TRC321B"},"content":{"rendered":"<h2 class=\"big\">Sensor luminosidade RF &#8211; TRC321B<\/h2>\n<p>Detector, r\u00e1dio KNX luminosidade<\/p>\n<p><strong>Fun\u00e7\u00f5es:<\/strong><\/p>\n<ul>\n<li>ETS fun\u00e7\u00f5es adicionais: fun\u00e7\u00e3o do bot\u00e3o, condi\u00e7\u00e3o da bateria.<\/li>\n<li>Fun\u00e7\u00e3o de reset (de acordo com defini\u00e7\u00e3o de f\u00e1brica).<\/li>\n<li>Fun\u00e7\u00f5es de quicklink: bot\u00e3o para cima \/ para baixo.<\/li>\n<\/ul>\n","protected":false},"excerpt":{"rendered":"<p><a href=\"https:\/\/www.hager.pt\/files\/download\/0\/683853_1\/0\/Ficha%20t%C3%A9cnica%20TRC321B.pdf\">Ficha t\u00e9cnica do produto &#8211; pdf<\/a><\/p>\n<p>Detector, r\u00e1dio KNX luminosidade<\/p>\n<p><strong>Pre\u00e7o sem IVA<br \/>\n<span style=\"color: #fc5f3f;\">Custos de expedi\u00e7\u00e3o calculado s\u00f3 para Portugal Continental.<\/span><\/strong><\/p>\n","protected":false},"featured_media":2847,"comment_status":"open","ping_status":"closed","template":"","meta":[],"product_brand":[],"product_cat":[53,55,54],"product_tag":[],"class_list":{"0":"post-2846","1":"product","2":"type-product","3":"status-publish","4":"has-post-thumbnail","6":"product_cat-hager-coviva","7":"product_cat-hager-easy","8":"product_cat-hager-knx","9":"product_shipping_class-preco-inferior-a-30kg-em-portugal","11":"first","12":"onbackorder","13":"sale","14":"taxable","15":"shipping-taxable","16":"purchasable","17":"product-type-simple"},"_links":{"self":[{"href":"https:\/\/cristianocarvalho.net\/WordPress\/wp-json\/wp\/v2\/product\/2846","targetHints":{"allow":["GET"]}}],"collection":[{"href":"https:\/\/cristianocarvalho.net\/WordPress\/wp-json\/wp\/v2\/product"}],"about":[{"href":"https:\/\/cristianocarvalho.net\/WordPress\/wp-json\/wp\/v2\/types\/product"}],"replies":[{"embeddable":true,"href":"https:\/\/cristianocarvalho.net\/WordPress\/wp-json\/wp\/v2\/comments?post=2846"}],"version-history":[{"count":2,"href":"https:\/\/cristianocarvalho.net\/WordPress\/wp-json\/wp\/v2\/product\/2846\/revisions"}],"predecessor-version":[{"id":2850,"href":"https:\/\/cristianocarvalho.net\/WordPress\/wp-json\/wp\/v2\/product\/2846\/revisions\/2850"}],"wp:featuredmedia":[{"embeddable":true,"href":"https:\/\/cristianocarvalho.net\/WordPress\/wp-json\/wp\/v2\/media\/2847"}],"wp:attachment":[{"href":"https:\/\/cristianocarvalho.net\/WordPress\/wp-json\/wp\/v2\/media?parent=2846"}],"wp:term":[{"taxonomy":"product_brand","embeddable":true,"href":"https:\/\/cristianocarvalho.net\/WordPress\/wp-json\/wp\/v2\/product_brand?post=2846"},{"taxonomy":"product_cat","embeddable":true,"href":"https:\/\/cristianocarvalho.net\/WordPress\/wp-json\/wp\/v2\/product_cat?post=2846"},{"taxonomy":"product_tag","embeddable":true,"href":"https:\/\/cristianocarvalho.net\/WordPress\/wp-json\/wp\/v2\/product_tag?post=2846"}],"curies":[{"name":"wp","href":"https:\/\/api.w.org\/{rel}","templated":true}]}}