{"id":2839,"date":"2020-04-21T16:35:17","date_gmt":"2020-04-21T16:35:17","guid":{"rendered":"http:\/\/cristianocarvalho.net\/WordPress\/?post_type=product&#038;p=2839"},"modified":"2023-03-21T22:44:48","modified_gmt":"2023-03-21T22:44:48","slug":"projector-leddet-mov-220-360-rf-knx-tre600","status":"publish","type":"product","link":"https:\/\/cristianocarvalho.net\/WordPress\/produto\/projector-leddet-mov-220-360-rf-knx-tre600\/","title":{"rendered":"Projector LED+det. mov. 220\/360\u00b0 RF KNX &#8211; TRE600"},"content":{"rendered":"<h2 class=\"big\">Projector LED+det. mov. 220\/360\u00b0 RF KNX &#8211; TRE600<\/h2>\n<p>Alimenta\u00e7\u00e3o: 230V AC \u00e2ngulo de detec\u00e7\u00e3o: 220\/360\u00b0 pot\u00eancia LED: 60W<\/p>\n<p><strong>Fun\u00e7\u00f5es:<\/strong><\/p>\n<ul>\n<li>Funcionamento comandado por microprocessador.<\/li>\n<li>ETS fun\u00e7\u00f5es adicionais: modo de opera\u00e7\u00e3o ligado \/ desligado, bot\u00e3o de press\u00e3o, regul\u00e1vel, exibi\u00e7\u00e3o de brilho, carregamento da cena do movimento, sem carga de movimento.<\/li>\n<li>Fun\u00e7\u00e3o de reset (de acordo com defini\u00e7\u00e3o de f\u00e1brica).<\/li>\n<li>Grava\u00e7\u00e3o de cen\u00e1rios, bloq.<\/li>\n<li>Fun\u00e7\u00f5es de quicklink: comuta\u00e7\u00e3o, regul\u00e1vel, 2 cenas, tempo de comuta\u00e7\u00e3o, bot\u00e3o de contacto NO, mem\u00f3ria, controlo for\u00e7ado, mestre escravo.<\/li>\n<\/ul>\n","protected":false},"excerpt":{"rendered":"<p><a href=\"https:\/\/www.hager.pt\/files\/download\/0\/683839_1\/0\/Ficha%20t%C3%A9cnica%20TRE600.pdf\">Ficha t\u00e9cnica do produto &#8211; pdf<\/a><\/p>\n<p>Projector LED com detector de alimenta\u00e7\u00e3o: 230V AC<\/p>\n<p><strong>Pre\u00e7o sem IVA<br \/>\n<span style=\"color: #fc5f3f;\">Custos de expedi\u00e7\u00e3o calculado s\u00f3 para Portugal Continental.<\/span><\/strong><\/p>\n","protected":false},"featured_media":2841,"comment_status":"open","ping_status":"closed","template":"","meta":[],"product_brand":[],"product_cat":[53,55,54],"product_tag":[],"class_list":{"0":"post-2839","1":"product","2":"type-product","3":"status-publish","4":"has-post-thumbnail","6":"product_cat-hager-coviva","7":"product_cat-hager-easy","8":"product_cat-hager-knx","9":"product_shipping_class-preco-inferior-a-30kg-em-portugal","11":"first","12":"outofstock","13":"sale","14":"taxable","15":"shipping-taxable","16":"purchasable","17":"product-type-simple"},"_links":{"self":[{"href":"https:\/\/cristianocarvalho.net\/WordPress\/wp-json\/wp\/v2\/product\/2839","targetHints":{"allow":["GET"]}}],"collection":[{"href":"https:\/\/cristianocarvalho.net\/WordPress\/wp-json\/wp\/v2\/product"}],"about":[{"href":"https:\/\/cristianocarvalho.net\/WordPress\/wp-json\/wp\/v2\/types\/product"}],"replies":[{"embeddable":true,"href":"https:\/\/cristianocarvalho.net\/WordPress\/wp-json\/wp\/v2\/comments?post=2839"}],"version-history":[{"count":1,"href":"https:\/\/cristianocarvalho.net\/WordPress\/wp-json\/wp\/v2\/product\/2839\/revisions"}],"predecessor-version":[{"id":2840,"href":"https:\/\/cristianocarvalho.net\/WordPress\/wp-json\/wp\/v2\/product\/2839\/revisions\/2840"}],"wp:featuredmedia":[{"embeddable":true,"href":"https:\/\/cristianocarvalho.net\/WordPress\/wp-json\/wp\/v2\/media\/2841"}],"wp:attachment":[{"href":"https:\/\/cristianocarvalho.net\/WordPress\/wp-json\/wp\/v2\/media?parent=2839"}],"wp:term":[{"taxonomy":"product_brand","embeddable":true,"href":"https:\/\/cristianocarvalho.net\/WordPress\/wp-json\/wp\/v2\/product_brand?post=2839"},{"taxonomy":"product_cat","embeddable":true,"href":"https:\/\/cristianocarvalho.net\/WordPress\/wp-json\/wp\/v2\/product_cat?post=2839"},{"taxonomy":"product_tag","embeddable":true,"href":"https:\/\/cristianocarvalho.net\/WordPress\/wp-json\/wp\/v2\/product_tag?post=2839"}],"curies":[{"name":"wp","href":"https:\/\/api.w.org\/{rel}","templated":true}]}}