{"id":2798,"date":"2020-04-21T10:51:12","date_gmt":"2020-04-21T10:51:12","guid":{"rendered":"http:\/\/cristianocarvalho.net\/WordPress\/?post_type=product&#038;p=2798"},"modified":"2023-03-21T22:46:17","modified_gmt":"2023-03-21T22:46:17","slug":"micro-modulo-p-cmd-autom-escada-rf-trm600","status":"publish","type":"product","link":"https:\/\/cristianocarvalho.net\/WordPress\/produto\/micro-modulo-p-cmd-autom-escada-rf-trm600\/","title":{"rendered":"Micro m\u00f3dulo p\/ cmd autom. escada RF &#8211; TRM600"},"content":{"rendered":"<h2 class=\"big\">Micro m\u00f3dulo p\/ cmd autom. escada RF &#8211; TRM600<\/h2>\n<p>ligar atr\u00e1s do bot\u00e3o de press\u00e3o,<br \/>\nao circuito existente<br \/>\ndimens\u00f5es (AxLxP):<br \/>\n40 x 40 x 18mm<\/p>\n<p><strong>Fun\u00e7\u00f5es:<\/strong><\/p>\n<ul>\n<li>Fun\u00e7\u00e3o de reset (de acordo com defini\u00e7\u00e3o de f\u00e1brica).<\/li>\n<\/ul>\n","protected":false},"excerpt":{"rendered":"<p><a href=\"https:\/\/www.hager.pt\/files\/download\/0\/945494_1\/0\/Ficha%20t%C3%A9cnica%20TRM600.pdf\">Ficha t\u00e9cnica do produto &#8211; pdf<\/a><\/p>\n<p>Microm\u00f3dulo para comando de autom\u00e1tico de escada<\/p>\n<p><strong>Pre\u00e7o sem IVA<br \/>\n<span style=\"color: #fc5f3f;\">Custos de expedi\u00e7\u00e3o calculado s\u00f3 para Portugal Continental.<\/span><\/strong><\/p>\n","protected":false},"featured_media":2799,"comment_status":"open","ping_status":"closed","template":"","meta":[],"product_brand":[],"product_cat":[53,55,54],"product_tag":[],"class_list":{"0":"post-2798","1":"product","2":"type-product","3":"status-publish","4":"has-post-thumbnail","6":"product_cat-hager-coviva","7":"product_cat-hager-easy","8":"product_cat-hager-knx","9":"product_shipping_class-preco-inferior-a-30kg-em-portugal","11":"first","12":"outofstock","13":"sale","14":"taxable","15":"shipping-taxable","16":"purchasable","17":"product-type-simple"},"_links":{"self":[{"href":"https:\/\/cristianocarvalho.net\/WordPress\/wp-json\/wp\/v2\/product\/2798","targetHints":{"allow":["GET"]}}],"collection":[{"href":"https:\/\/cristianocarvalho.net\/WordPress\/wp-json\/wp\/v2\/product"}],"about":[{"href":"https:\/\/cristianocarvalho.net\/WordPress\/wp-json\/wp\/v2\/types\/product"}],"replies":[{"embeddable":true,"href":"https:\/\/cristianocarvalho.net\/WordPress\/wp-json\/wp\/v2\/comments?post=2798"}],"version-history":[{"count":2,"href":"https:\/\/cristianocarvalho.net\/WordPress\/wp-json\/wp\/v2\/product\/2798\/revisions"}],"predecessor-version":[{"id":2801,"href":"https:\/\/cristianocarvalho.net\/WordPress\/wp-json\/wp\/v2\/product\/2798\/revisions\/2801"}],"wp:featuredmedia":[{"embeddable":true,"href":"https:\/\/cristianocarvalho.net\/WordPress\/wp-json\/wp\/v2\/media\/2799"}],"wp:attachment":[{"href":"https:\/\/cristianocarvalho.net\/WordPress\/wp-json\/wp\/v2\/media?parent=2798"}],"wp:term":[{"taxonomy":"product_brand","embeddable":true,"href":"https:\/\/cristianocarvalho.net\/WordPress\/wp-json\/wp\/v2\/product_brand?post=2798"},{"taxonomy":"product_cat","embeddable":true,"href":"https:\/\/cristianocarvalho.net\/WordPress\/wp-json\/wp\/v2\/product_cat?post=2798"},{"taxonomy":"product_tag","embeddable":true,"href":"https:\/\/cristianocarvalho.net\/WordPress\/wp-json\/wp\/v2\/product_tag?post=2798"}],"curies":[{"name":"wp","href":"https:\/\/api.w.org\/{rel}","templated":true}]}}