{"id":2448,"date":"2020-04-14T21:03:47","date_gmt":"2020-04-14T21:03:47","guid":{"rendered":"http:\/\/cristianocarvalho.net\/WordPress\/?post_type=product&#038;p=2448"},"modified":"2023-03-21T22:37:54","modified_gmt":"2023-03-21T22:37:54","slug":"heat-pack-0902501","status":"publish","type":"product","link":"https:\/\/cristianocarvalho.net\/WordPress\/produto\/heat-pack-0902501\/","title":{"rendered":"Heat Pack &#8211; 0902501"},"content":{"rendered":"<p><strong>Heat Pack (instala\u00e7\u00e3o com carpete ou piso de PVC) (2,88 m2)<\/strong><\/p>\n<ul>\n<li>Camada separadora essencial para instala\u00e7\u00e3o do filme radiantes sob carpete, piso de PVC ou parquet colado.<\/li>\n<li>Ele fornece rigidez e in\u00e9rcia suficiente ao sistema de piso radiante.<\/li>\n<li>Embalagem de 8 folhas (4 de 3 mm de espessura e 4 de 4 mm de espessura) de 0,6 x 1,2 m pr\u00e9-coladas.<\/li>\n<li>\u00c1rea coberta 2,88 m2<\/li>\n<li>Colocado em duas camadas (3 + 4 mm) coladas em cima da chapa de aquecimento, forma uma estrutura r\u00edgida e compacta onde \u00e9 poss\u00edvel fixar o piso de PVC ou o carpete.<\/li>\n<\/ul>\n","protected":false},"excerpt":{"rendered":"<p>Camada separadora essencial para instala\u00e7\u00e3o do filme radiantes sob carpete, piso de PVC ou parquet colado.<\/p>\n<p><strong>Pre\u00e7o sem IVA<br \/>\n<span style=\"color: #fc5f3f;\">Custos de expedi\u00e7\u00e3o calculado s\u00f3 para Portugal Continental.<\/span><\/strong><\/p>\n","protected":false},"featured_media":3153,"comment_status":"open","ping_status":"closed","template":"","meta":[],"product_brand":[],"product_cat":[52,48],"product_tag":[],"class_list":{"0":"post-2448","1":"product","2":"type-product","3":"status-publish","4":"has-post-thumbnail","6":"product_cat-isolamento-termico","7":"product_cat-piso-radiante-eletrico","8":"product_shipping_class-preco-inferior-a-30kg-em-portugal","10":"first","11":"outofstock","12":"taxable","13":"shipping-taxable","14":"purchasable","15":"product-type-simple"},"_links":{"self":[{"href":"https:\/\/cristianocarvalho.net\/WordPress\/wp-json\/wp\/v2\/product\/2448","targetHints":{"allow":["GET"]}}],"collection":[{"href":"https:\/\/cristianocarvalho.net\/WordPress\/wp-json\/wp\/v2\/product"}],"about":[{"href":"https:\/\/cristianocarvalho.net\/WordPress\/wp-json\/wp\/v2\/types\/product"}],"replies":[{"embeddable":true,"href":"https:\/\/cristianocarvalho.net\/WordPress\/wp-json\/wp\/v2\/comments?post=2448"}],"version-history":[{"count":1,"href":"https:\/\/cristianocarvalho.net\/WordPress\/wp-json\/wp\/v2\/product\/2448\/revisions"}],"predecessor-version":[{"id":2450,"href":"https:\/\/cristianocarvalho.net\/WordPress\/wp-json\/wp\/v2\/product\/2448\/revisions\/2450"}],"wp:featuredmedia":[{"embeddable":true,"href":"https:\/\/cristianocarvalho.net\/WordPress\/wp-json\/wp\/v2\/media\/3153"}],"wp:attachment":[{"href":"https:\/\/cristianocarvalho.net\/WordPress\/wp-json\/wp\/v2\/media?parent=2448"}],"wp:term":[{"taxonomy":"product_brand","embeddable":true,"href":"https:\/\/cristianocarvalho.net\/WordPress\/wp-json\/wp\/v2\/product_brand?post=2448"},{"taxonomy":"product_cat","embeddable":true,"href":"https:\/\/cristianocarvalho.net\/WordPress\/wp-json\/wp\/v2\/product_cat?post=2448"},{"taxonomy":"product_tag","embeddable":true,"href":"https:\/\/cristianocarvalho.net\/WordPress\/wp-json\/wp\/v2\/product_tag?post=2448"}],"curies":[{"name":"wp","href":"https:\/\/api.w.org\/{rel}","templated":true}]}}