{"id":2425,"date":"2020-04-14T19:13:56","date_gmt":"2020-04-14T19:13:56","guid":{"rendered":"http:\/\/cristianocarvalho.net\/WordPress\/?post_type=product&#038;p=2425"},"modified":"2023-03-21T22:39:16","modified_gmt":"2023-03-21T22:39:16","slug":"ecofilm-kit-instalacao-para-20m2-f620-20","status":"publish","type":"product","link":"https:\/\/cristianocarvalho.net\/WordPress\/produto\/ecofilm-kit-instalacao-para-20m2-f620-20\/","title":{"rendered":"Ecofilm KIT Instala\u00e7\u00e3o para 20m2 &#8211; F620-20"},"content":{"rendered":"<p><strong>Ecofilm KIT Instala\u00e7\u00e3o para 20m2 &#8211; F620-20<\/strong><\/p>\n<p>Kit de instala\u00e7\u00e3o para aquecimento de piso eletrico para uma sala de 20m2\u00a0 \/ Pot\u00eancia 2.000W<\/p>\n<p><strong>Cont\u00e9m:<\/strong><br \/>\nFolha radiante F620 &#8211; 200 W \/ m2 20 m x 0,6 cm<br \/>\nComponentes para conex\u00e3o (14 conectores &#8211; 32 isoladores de conector de m\u00e1stique &#8211; 16 isoladores de extremidade &#8211; cabo de alimenta\u00e7\u00e3o 2 x 35 m &#8211; 4 terminais de conex\u00e3o Wago &#8211; tubo corrugado.<\/p>\n<ul>\n<li>In\u00e9rcia r\u00e1pida, ideal para reabilita\u00e7\u00e3o com piso laminado<\/li>\n<li>Instale apenas em \u00e1reas sem m\u00f3veis.<\/li>\n<li>Instala\u00e7\u00e3o a seco<\/li>\n<li>N\u00e3o \u00e9 adequado para \u00e1reas molhadas (consulte mantas de alum\u00ednio)<\/li>\n<li>N\u00e3o inclui isolamento, termostato ou barreira contra vapor.<\/li>\n<\/ul>\n","protected":false},"excerpt":{"rendered":"<p>Kit de instala\u00e7\u00e3o para aquecimento de piso eletrico para uma sala de 20m2\u00a0 \/ Pot\u00eancia 2.000W<\/p>\n<p><strong>Pre\u00e7o sem IVA<br \/>\n<span style=\"color: #fc5f3f;\">Custos de expedi\u00e7\u00e3o calculado s\u00f3 para Portugal Continental.<\/span><\/strong><\/p>\n","protected":false},"featured_media":2419,"comment_status":"open","ping_status":"closed","template":"","meta":[],"product_brand":[],"product_cat":[50,48],"product_tag":[],"class_list":{"0":"post-2425","1":"product","2":"type-product","3":"status-publish","4":"has-post-thumbnail","6":"product_cat-ecofilm","7":"product_cat-piso-radiante-eletrico","8":"product_shipping_class-preco-superior-a-30kg-a-100kg-em-portugal","10":"first","11":"outofstock","12":"taxable","13":"shipping-taxable","14":"purchasable","15":"product-type-simple"},"_links":{"self":[{"href":"https:\/\/cristianocarvalho.net\/WordPress\/wp-json\/wp\/v2\/product\/2425","targetHints":{"allow":["GET"]}}],"collection":[{"href":"https:\/\/cristianocarvalho.net\/WordPress\/wp-json\/wp\/v2\/product"}],"about":[{"href":"https:\/\/cristianocarvalho.net\/WordPress\/wp-json\/wp\/v2\/types\/product"}],"replies":[{"embeddable":true,"href":"https:\/\/cristianocarvalho.net\/WordPress\/wp-json\/wp\/v2\/comments?post=2425"}],"version-history":[{"count":1,"href":"https:\/\/cristianocarvalho.net\/WordPress\/wp-json\/wp\/v2\/product\/2425\/revisions"}],"predecessor-version":[{"id":2426,"href":"https:\/\/cristianocarvalho.net\/WordPress\/wp-json\/wp\/v2\/product\/2425\/revisions\/2426"}],"wp:featuredmedia":[{"embeddable":true,"href":"https:\/\/cristianocarvalho.net\/WordPress\/wp-json\/wp\/v2\/media\/2419"}],"wp:attachment":[{"href":"https:\/\/cristianocarvalho.net\/WordPress\/wp-json\/wp\/v2\/media?parent=2425"}],"wp:term":[{"taxonomy":"product_brand","embeddable":true,"href":"https:\/\/cristianocarvalho.net\/WordPress\/wp-json\/wp\/v2\/product_brand?post=2425"},{"taxonomy":"product_cat","embeddable":true,"href":"https:\/\/cristianocarvalho.net\/WordPress\/wp-json\/wp\/v2\/product_cat?post=2425"},{"taxonomy":"product_tag","embeddable":true,"href":"https:\/\/cristianocarvalho.net\/WordPress\/wp-json\/wp\/v2\/product_tag?post=2425"}],"curies":[{"name":"wp","href":"https:\/\/api.w.org\/{rel}","templated":true}]}}