{"id":2412,"date":"2020-04-14T13:03:52","date_gmt":"2020-04-14T13:03:52","guid":{"rendered":"http:\/\/cristianocarvalho.net\/WordPress\/?post_type=product&#038;p=2412"},"modified":"2023-03-21T22:39:33","modified_gmt":"2023-03-21T22:39:33","slug":"isolamento-termico-starlon-6-mm-embalagem-de-5-m2","status":"publish","type":"product","link":"https:\/\/cristianocarvalho.net\/WordPress\/produto\/isolamento-termico-starlon-6-mm-embalagem-de-5-m2\/","title":{"rendered":"Isolamento T\u00e9rmico Starlon 6 mm &#8211; Embalagem de 5 m2"},"content":{"rendered":"<p><strong>\u00a0Isolamento T\u00e9rmico Starlon 6 mm &#8211; Embalagem de 5 m2<\/strong><\/p>\n<ul>\n<li>Isolamento t\u00e9rmico de poliestireno extrudado.<\/li>\n<li>Ideal para isolamento de pisos em reformas com piso laminado.<\/li>\n<li>Uso recomendado com folhas radiantes ou cobertores de alum\u00ednio.<\/li>\n<li>Embalagem de 10 pratos de 0,5 x 1 m (Total 5 m2)<\/li>\n<li>Espessura de 6mm<\/li>\n<li>Condutividade t\u00e9rmica de 0,030 W \/ mK<\/li>\n<li>Isolamento ac\u00fastico (redu\u00e7\u00e3o de ru\u00eddo de 17dB)<\/li>\n<\/ul>\n","protected":false},"excerpt":{"rendered":"<ul>\n<li>Isolamento t\u00e9rmico de poliestireno extrudado.<\/li>\n<li>Embalagem de 10 pratos de 0,5 x 1 m (Total 5 m2)<\/li>\n<\/ul>\n<p><strong>Pre\u00e7o sem IVA<br \/>\n<span style=\"color: #fc5f3f;\">Custos de expedi\u00e7\u00e3o calculado s\u00f3 para Portugal Continental.<\/span><\/strong><\/p>\n","protected":false},"featured_media":2413,"comment_status":"open","ping_status":"closed","template":"","meta":[],"product_brand":[],"product_cat":[52,48],"product_tag":[],"class_list":{"0":"post-2412","1":"product","2":"type-product","3":"status-publish","4":"has-post-thumbnail","6":"product_cat-isolamento-termico","7":"product_cat-piso-radiante-eletrico","8":"product_shipping_class-preco-superior-a-30kg-a-100kg-em-portugal","10":"first","11":"outofstock","12":"taxable","13":"shipping-taxable","14":"purchasable","15":"product-type-simple"},"_links":{"self":[{"href":"https:\/\/cristianocarvalho.net\/WordPress\/wp-json\/wp\/v2\/product\/2412","targetHints":{"allow":["GET"]}}],"collection":[{"href":"https:\/\/cristianocarvalho.net\/WordPress\/wp-json\/wp\/v2\/product"}],"about":[{"href":"https:\/\/cristianocarvalho.net\/WordPress\/wp-json\/wp\/v2\/types\/product"}],"replies":[{"embeddable":true,"href":"https:\/\/cristianocarvalho.net\/WordPress\/wp-json\/wp\/v2\/comments?post=2412"}],"version-history":[{"count":1,"href":"https:\/\/cristianocarvalho.net\/WordPress\/wp-json\/wp\/v2\/product\/2412\/revisions"}],"predecessor-version":[{"id":2414,"href":"https:\/\/cristianocarvalho.net\/WordPress\/wp-json\/wp\/v2\/product\/2412\/revisions\/2414"}],"wp:featuredmedia":[{"embeddable":true,"href":"https:\/\/cristianocarvalho.net\/WordPress\/wp-json\/wp\/v2\/media\/2413"}],"wp:attachment":[{"href":"https:\/\/cristianocarvalho.net\/WordPress\/wp-json\/wp\/v2\/media?parent=2412"}],"wp:term":[{"taxonomy":"product_brand","embeddable":true,"href":"https:\/\/cristianocarvalho.net\/WordPress\/wp-json\/wp\/v2\/product_brand?post=2412"},{"taxonomy":"product_cat","embeddable":true,"href":"https:\/\/cristianocarvalho.net\/WordPress\/wp-json\/wp\/v2\/product_cat?post=2412"},{"taxonomy":"product_tag","embeddable":true,"href":"https:\/\/cristianocarvalho.net\/WordPress\/wp-json\/wp\/v2\/product_tag?post=2412"}],"curies":[{"name":"wp","href":"https:\/\/api.w.org\/{rel}","templated":true}]}}