{"id":2404,"date":"2020-04-14T12:50:29","date_gmt":"2020-04-14T12:50:29","guid":{"rendered":"http:\/\/cristianocarvalho.net\/WordPress\/?post_type=product&#038;p=2404"},"modified":"2023-05-13T07:14:16","modified_gmt":"2023-05-13T07:14:16","slug":"isolamento-termico-xps-10mm-432-m2","status":"publish","type":"product","link":"https:\/\/cristianocarvalho.net\/WordPress\/produto\/isolamento-termico-xps-10mm-432-m2\/","title":{"rendered":"Isolamento T\u00e9rmico XPS 10mm \u2013 4,32 m2"},"content":{"rendered":"<p><strong>Isolamento T\u00e9rmico XPS 10mm \u2013 4,32 m2<\/strong><\/p>\n<ul>\n<li>Isolamento t\u00e9rmico de poliestireno extrudido com revestimento de cimento refor\u00e7ado.<\/li>\n<li>Ideal para isolamento de pisos em reformas com altura limitada.<\/li>\n<li>Uso recomendado para mantas de aquecimento ou cabos de aquecimento.<\/li>\n<li>O acabamento permite \u00f3tima ades\u00e3o de cimento \/ cola<\/li>\n<li>Embalagem de 6 pratos de 0,6 x 1,2 m (total de 4,32 m2)<\/li>\n<li>Espessura de 10mm<\/li>\n<li>Condutividade t\u00e9rmica de 0,029 W \/ mK<\/li>\n<\/ul>\n","protected":false},"excerpt":{"rendered":"<ul>\n<li>Isolamento t\u00e9rmico de poliestireno extrudido com revestimento de cimento refor\u00e7ado.<\/li>\n<li>Embalagem de 6 pratos de 0,6 x 1,2 m (total de 4,32 m2)<\/li>\n<\/ul>\n<p><strong>Pre\u00e7o sem IVA<br \/>\n<span style=\"color: #fc5f3f;\">Custos de expedi\u00e7\u00e3o calculado s\u00f3 para Portugal Continental.<\/span><\/strong><\/p>\n","protected":false},"featured_media":2402,"comment_status":"open","ping_status":"closed","template":"","meta":[],"product_brand":[],"product_cat":[52,48],"product_tag":[],"class_list":{"0":"post-2404","1":"product","2":"type-product","3":"status-publish","4":"has-post-thumbnail","6":"product_cat-isolamento-termico","7":"product_cat-piso-radiante-eletrico","8":"product_shipping_class-preco-superior-a-30kg-a-100kg-em-portugal","10":"first","11":"outofstock","12":"taxable","13":"shipping-taxable","14":"purchasable","15":"product-type-simple"},"_links":{"self":[{"href":"https:\/\/cristianocarvalho.net\/WordPress\/wp-json\/wp\/v2\/product\/2404","targetHints":{"allow":["GET"]}}],"collection":[{"href":"https:\/\/cristianocarvalho.net\/WordPress\/wp-json\/wp\/v2\/product"}],"about":[{"href":"https:\/\/cristianocarvalho.net\/WordPress\/wp-json\/wp\/v2\/types\/product"}],"replies":[{"embeddable":true,"href":"https:\/\/cristianocarvalho.net\/WordPress\/wp-json\/wp\/v2\/comments?post=2404"}],"version-history":[{"count":1,"href":"https:\/\/cristianocarvalho.net\/WordPress\/wp-json\/wp\/v2\/product\/2404\/revisions"}],"predecessor-version":[{"id":2405,"href":"https:\/\/cristianocarvalho.net\/WordPress\/wp-json\/wp\/v2\/product\/2404\/revisions\/2405"}],"wp:featuredmedia":[{"embeddable":true,"href":"https:\/\/cristianocarvalho.net\/WordPress\/wp-json\/wp\/v2\/media\/2402"}],"wp:attachment":[{"href":"https:\/\/cristianocarvalho.net\/WordPress\/wp-json\/wp\/v2\/media?parent=2404"}],"wp:term":[{"taxonomy":"product_brand","embeddable":true,"href":"https:\/\/cristianocarvalho.net\/WordPress\/wp-json\/wp\/v2\/product_brand?post=2404"},{"taxonomy":"product_cat","embeddable":true,"href":"https:\/\/cristianocarvalho.net\/WordPress\/wp-json\/wp\/v2\/product_cat?post=2404"},{"taxonomy":"product_tag","embeddable":true,"href":"https:\/\/cristianocarvalho.net\/WordPress\/wp-json\/wp\/v2\/product_tag?post=2404"}],"curies":[{"name":"wp","href":"https:\/\/api.w.org\/{rel}","templated":true}]}}