{"id":240,"date":"2018-11-18T18:16:16","date_gmt":"2018-11-18T18:16:16","guid":{"rendered":"http:\/\/cristianocarvalho.net\/WordPress\/?post_type=product&#038;p=240"},"modified":"2023-03-21T22:34:02","modified_gmt":"2023-03-21T22:34:02","slug":"kit-autoconsumo-1500w","status":"publish","type":"product","link":"https:\/\/cristianocarvalho.net\/WordPress\/produto\/kit-autoconsumo-1500w\/","title":{"rendered":"Kit Autoconsumo 1500W"},"content":{"rendered":"<p><span class=\"azul\"><strong>4 &#8211; AXIpremium XL HC AC-<span style=\"color: #000000;\">450MH<\/span>\/144V (<\/strong>1333438<strong>) \u00a0<span style=\"color: #ff0000;\"><a style=\"color: #ff0000;\" href=\"https:\/\/www.axitecsolar.com\/sites\/default\/files\/solar_modules_pdf\/DB_144zlg_premium_XL%20HC_MiA_US_1500V.pdf\" target=\"_blank\" rel=\"noopener\">pdf<\/a><\/span><\/strong><br \/>\nM\u00f3dulo fotovoltaico AXITEC de alta qualidade.<br \/>\nFabricante: AXITEC Energy, 15 anos de garantia limitada.<br \/>\n25 Anos de garantia de rendimento.<br \/>\nPot\u00eancia nominal 450W<br \/>\nTens\u00e3o nominal 41.39V<br \/>\nCorrente ratet 10.88A<br \/>\n<\/span>\u00a0C- 2094 mm * L- 1038 mm * A- 35 mm<\/p>\n<p><span class=\"azul\"><strong>1 &#8211; X1-3.0-S-D MINI G3.0 (<\/strong>1334352<strong>)\u00a0 <a href=\"https:\/\/www.solaxpower.com\/wp-content\/uploads\/2021\/06\/X1-mini-V2.pdf\" target=\"_blank\" rel=\"noopener\"><span style=\"color: #ff0000;\">pdf<\/span><\/a><\/strong><br \/>\nInversor monof\u00e1sico Solax sem Wifi<br \/>\nFabricante: Solax, 10 anos de garantia limitada<br \/>\nPot\u00eancia pico m\u00e1xima 2.2500<br \/>\nTens\u00e3o de entrada m\u00e1x. 450V<br \/>\nCorrente m\u00e1xima de entrada 14A<br \/>\nN\u00ba seguidores MPP 1<br \/>\nPot\u00eancia nominal AC 1.5000<br \/>\nPot\u00eancia m\u00e1xima AC 1.6500<\/span><\/p>\n<p><strong>1 &#8211; POCKET WIFI PLUS INTERFACE (<\/strong>1333439<strong>)\u00a0 <span style=\"color: #ff0000;\"><a style=\"color: #ff0000;\" href=\"https:\/\/www.solaxpower.com\/wp-content\/uploads\/2020\/02\/pocket-wifi-plus.pdf\" target=\"_blank\" rel=\"noopener\">pdf<\/a><\/span><\/strong><br \/>\nInterface Dongle WLAN com antena<br \/>\nFabricante: Solax, 2 anos de garantia limitada<\/p>\n<p><span class=\"azul\"><strong>1 &#8211; Estrutura inclu\u00edda SET 02V3 (<\/strong>1315433<strong>)\u00a0 <span style=\"color: #ff0000;\"><a style=\"color: #ff0000;\" href=\"https:\/\/cristianocarvalho.net\/WordPress\/wp-content\/uploads\/2021\/10\/Estrututra-SET-02V4.pdf\" target=\"_blank\" rel=\"noopener\">pdf<\/a><\/span><\/strong><br \/>\n<\/span>Estrutura teto inclinado<br \/>\nFabricante: Sunfer, 5 anos de garantia limitada<br \/>\nPara 1 fila de 4 paineis vertical. M\u00f3dulo m\u00e1ximo 2279&#215;1150 mm.<\/p>\n<p><span class=\"azul\">Cabos e fichas DC e AC n\u00e3o inclu\u00eddos<\/span><\/p>\n","protected":false},"excerpt":{"rendered":"<p><span class=\"azul\">4 unid. \u2013 AXIpremium XL HC AC-<strong>450MH<\/strong>\/144V (1333438)<\/span><span class=\"azul\"><br \/>\n1 unid. \u2013 X1-1.5-S-D MINI G3.0 (1334352)<br \/>\n1 unid. \u2013 POCKET WIFI PLUS INTERFACE (1333439)<br \/>\n<\/span><span class=\"azul\">1 unid. \u2013 Estrutura inclu\u00edda SET 02V3 (1315433)<br \/>\n<\/span>25 anos garantia 85 %<br \/>\n<span class=\"azul\">Cabos e fichas DC e AC n\u00e3o inclu\u00eddos<\/span><\/p>\n<p><strong>Pre\u00e7o sem IVA<br \/>\n<span style=\"color: #fc5f3f;\">Custos de expedi\u00e7\u00e3o calculado s\u00f3 para Portugal Continental.<\/span><\/strong><\/p>\n","protected":false},"featured_media":3651,"comment_status":"open","ping_status":"closed","template":"","meta":[],"product_brand":[],"product_cat":[42,28],"product_tag":[],"class_list":{"0":"post-240","1":"product","2":"type-product","3":"status-publish","4":"has-post-thumbnail","6":"product_cat-autoconsumo","7":"product_cat-energia-solar-fotovoltaica","8":"product_shipping_class-preco-superior-a-30kg-a-100kg-em-portugal","10":"first","11":"outofstock","12":"sale","13":"taxable","14":"shipping-taxable","15":"purchasable","16":"product-type-simple"},"_links":{"self":[{"href":"https:\/\/cristianocarvalho.net\/WordPress\/wp-json\/wp\/v2\/product\/240","targetHints":{"allow":["GET"]}}],"collection":[{"href":"https:\/\/cristianocarvalho.net\/WordPress\/wp-json\/wp\/v2\/product"}],"about":[{"href":"https:\/\/cristianocarvalho.net\/WordPress\/wp-json\/wp\/v2\/types\/product"}],"replies":[{"embeddable":true,"href":"https:\/\/cristianocarvalho.net\/WordPress\/wp-json\/wp\/v2\/comments?post=240"}],"version-history":[{"count":10,"href":"https:\/\/cristianocarvalho.net\/WordPress\/wp-json\/wp\/v2\/product\/240\/revisions"}],"predecessor-version":[{"id":3658,"href":"https:\/\/cristianocarvalho.net\/WordPress\/wp-json\/wp\/v2\/product\/240\/revisions\/3658"}],"wp:featuredmedia":[{"embeddable":true,"href":"https:\/\/cristianocarvalho.net\/WordPress\/wp-json\/wp\/v2\/media\/3651"}],"wp:attachment":[{"href":"https:\/\/cristianocarvalho.net\/WordPress\/wp-json\/wp\/v2\/media?parent=240"}],"wp:term":[{"taxonomy":"product_brand","embeddable":true,"href":"https:\/\/cristianocarvalho.net\/WordPress\/wp-json\/wp\/v2\/product_brand?post=240"},{"taxonomy":"product_cat","embeddable":true,"href":"https:\/\/cristianocarvalho.net\/WordPress\/wp-json\/wp\/v2\/product_cat?post=240"},{"taxonomy":"product_tag","embeddable":true,"href":"https:\/\/cristianocarvalho.net\/WordPress\/wp-json\/wp\/v2\/product_tag?post=240"}],"curies":[{"name":"wp","href":"https:\/\/api.w.org\/{rel}","templated":true}]}}