{"id":2381,"date":"2020-04-14T07:49:45","date_gmt":"2020-04-14T07:49:45","guid":{"rendered":"http:\/\/cristianocarvalho.net\/WordPress\/?post_type=product&#038;p=2381"},"modified":"2026-03-30T06:38:20","modified_gmt":"2026-03-30T06:38:20","slug":"solicitar-precos-ou-orcamentos","status":"publish","type":"product","link":"https:\/\/cristianocarvalho.net\/WordPress\/produto\/solicitar-precos-ou-orcamentos\/","title":{"rendered":"Solicitar Pre\u00e7os ou Or\u00e7amentos"},"content":{"rendered":"<p><strong>Solicitar Visita T\u00e9cnica<\/strong><\/p>\n<div class=\"caldera-grid\" id=\"caldera_form_1\" data-cf-ver=\"1.9.6\" data-cf-form-id=\"CF5e908562a1bf2\"><div id=\"caldera_notices_1\" data-spinner=\"https:\/\/mlibb0mwkwo9.i.optimole.com\/cb:62NB.5857\/w:auto\/h:auto\/q:mauto\/f:best\/https:\/\/cristianocarvalho.net\/WordPress\/wp-admin\/images\/spinner.gif\"><\/div><form data-instance=\"1\" class=\"CF5e908562a1bf2 caldera_forms_form cfajax-trigger\" method=\"POST\" enctype=\"multipart\/form-data\" id=\"CF5e908562a1bf2_1\" data-form-id=\"CF5e908562a1bf2\" aria-label=\"Or&ccedil;amento\" data-target=\"#caldera_notices_1\" data-template=\"#cfajax_CF5e908562a1bf2-tmpl\" data-cfajax=\"CF5e908562a1bf2\" data-load-element=\"_parent\" data-load-class=\"cf_processing\" data-post-disable=\"0\" data-action=\"cf_process_ajax_submit\" data-request=\"https:\/\/cristianocarvalho.net\/WordPress\/cf-api\/CF5e908562a1bf2\" data-hiderows=\"true\">\r\n<input type=\"hidden\" id=\"_cf_verify_CF5e908562a1bf2\" name=\"_cf_verify\" value=\"112602af75\"  data-nonce-time=\"1777705858\" \/><input type=\"hidden\" name=\"_wp_http_referer\" value=\"\/WordPress\/wp-json\/wp\/v2\/product\/2381\" \/><div id=\"cf2-CF5e908562a1bf2_1\"><\/div><input type=\"hidden\" name=\"_cf_frm_id\" value=\"CF5e908562a1bf2\">\r\n<input type=\"hidden\" name=\"_cf_frm_ct\" value=\"1\">\r\n<input type=\"hidden\" name=\"cfajax\" value=\"CF5e908562a1bf2\">\r\n<input type=\"hidden\" name=\"_cf_cr_pst\" value=\"2381\">\r\n<div class=\"hide\" style=\"display:none; overflow:hidden;height:0;width:0;\">\r\n<label>Url<\/label><input type=\"text\" name=\"url\" value=\"\" autocomplete=\"off\">\r\n<\/div><div id=\"CF5e908562a1bf2_1-row-1\"  class=\"row  first_row\"><div  class=\"col-sm-12  single\"><div data-field-wrapper=\"fld_818625\" class=\"form-group\" id=\"fld_818625_1-wrap\">\r\n\t<label id=\"fld_818625Label\" for=\"fld_818625_1\" class=\"control-label\">Nome <span aria-hidden=\"true\" role=\"presentation\" class=\"field_required\" style=\"color:#ee0000;\">*<\/span><\/label>\r\n\t<div class=\"\">\r\n\t\t<input   required type=\"text\" data-field=\"fld_818625\" class=\" form-control\" id=\"fld_818625_1\" name=\"fld_818625\" value=\"\" data-type=\"text\" aria-required=\"true\"   aria-labelledby=\"fld_818625Label\" >\t\t\t<\/div>\r\n<\/div>\r\n<div data-field-wrapper=\"fld_8380709\" class=\"form-group\" id=\"fld_8380709_1-wrap\">\r\n\t<label id=\"fld_8380709Label\" for=\"fld_8380709_1\" class=\"control-label\">Morada <span aria-hidden=\"true\" role=\"presentation\" class=\"field_required\" style=\"color:#ee0000;\">*<\/span><\/label>\r\n\t<div class=\"\">\r\n\t\t<input   required type=\"text\" data-field=\"fld_8380709\" class=\" form-control\" id=\"fld_8380709_1\" name=\"fld_8380709\" value=\"\" data-type=\"text\" aria-required=\"true\"   aria-labelledby=\"fld_8380709Label\" >\t\t\t<\/div>\r\n<\/div>\r\n<\/div><\/div><div id=\"CF5e908562a1bf2_1-row-2\"  class=\"row \"><div  class=\"col-sm-3  first_col\"><div data-field-wrapper=\"fld_5070968\" class=\"form-group\" id=\"fld_5070968_1-wrap\">\r\n\t<label id=\"fld_5070968Label\" for=\"fld_5070968_1\" class=\"control-label\">C\u00f3digo Postal <span aria-hidden=\"true\" role=\"presentation\" class=\"field_required\" style=\"color:#ee0000;\">*<\/span><\/label>\r\n\t<div class=\"\">\r\n\t\t<input   required type=\"text\" data-field=\"fld_5070968\" class=\" form-control\" id=\"fld_5070968_1\" name=\"fld_5070968\" value=\"\" data-type=\"text\" aria-required=\"true\"   aria-labelledby=\"fld_5070968Label\" >\t\t\t<\/div>\r\n<\/div>\r\n<\/div><div  class=\"col-sm-9  last_col\"><div data-field-wrapper=\"fld_4245858\" class=\"form-group\" id=\"fld_4245858_1-wrap\">\r\n\t<label id=\"fld_4245858Label\" for=\"fld_4245858_1\" class=\"control-label\">Localidade <span aria-hidden=\"true\" role=\"presentation\" class=\"field_required\" style=\"color:#ee0000;\">*<\/span><\/label>\r\n\t<div class=\"\">\r\n\t\t<input   required type=\"text\" data-field=\"fld_4245858\" class=\" form-control\" id=\"fld_4245858_1\" name=\"fld_4245858\" value=\"\" data-type=\"text\" aria-required=\"true\"   aria-labelledby=\"fld_4245858Label\" >\t\t\t<\/div>\r\n<\/div>\r\n<\/div><\/div><div id=\"CF5e908562a1bf2_1-row-3\"  class=\"row \"><div  class=\"col-sm-12  single\"><div data-field-wrapper=\"fld_3716838\" class=\"form-group\" id=\"fld_3716838_1-wrap\">\r\n\t<label id=\"fld_3716838Label\" for=\"fld_3716838_1\" class=\"control-label\">e-mail <span aria-hidden=\"true\" role=\"presentation\" class=\"field_required\" style=\"color:#ee0000;\">*<\/span><\/label>\r\n\t<div class=\"\">\r\n\t\t<input   required type=\"email\" data-field=\"fld_3716838\" class=\" form-control\" id=\"fld_3716838_1\" name=\"fld_3716838\" value=\"\" data-type=\"email\" aria-required=\"true\"   aria-labelledby=\"fld_3716838Label\" >\t\t\t<\/div>\r\n<\/div>\r\n<\/div><\/div><div id=\"CF5e908562a1bf2_1-row-4\"  class=\"row \"><div  class=\"col-sm-5  first_col\"><div data-field-wrapper=\"fld_667277\" class=\"form-group\" id=\"fld_667277_1-wrap\">\r\n\t<label id=\"fld_667277Label\" for=\"fld_667277_1\" class=\"control-label\">N\u00ba Telefone <span aria-hidden=\"true\" role=\"presentation\" class=\"field_required\" style=\"color:#ee0000;\">*<\/span><\/label>\r\n\t<div class=\"\">\r\n\t\t<input   required type=\"tel\" data-field=\"fld_667277\" class=\" form-control\" id=\"fld_667277_1\" name=\"fld_667277\" value=\"+351\" data-type=\"phone_better\" aria-required=\"true\"   aria-labelledby=\"fld_667277Label\" >\t\t\t<\/div>\r\n<\/div>\r\n<\/div><div  class=\"col-sm-7  last_col\"><div data-field-wrapper=\"fld_3990837\" class=\"form-group\" id=\"fld_3990837_1-wrap\">\r\n\t<label id=\"fld_3990837Label\" for=\"fld_3990837_1\" class=\"control-label\">Contribuinte <span aria-hidden=\"true\" role=\"presentation\" class=\"field_required\" style=\"color:#ee0000;\">*<\/span><\/label>\r\n\t<div class=\"\">\r\n\t\t<input   required type=\"number\" data-field=\"fld_3990837\" class=\" form-control\" id=\"fld_3990837_1\" name=\"fld_3990837\" value=\"\" data-type=\"number\" data-parsley-type=\"number\" aria-required=\"true\"   aria-labelledby=\"fld_3990837Label\" >\t\t\t<\/div>\r\n<\/div>\r\n<\/div><\/div><div id=\"CF5e908562a1bf2_1-row-5\"  class=\"row \"><div  class=\"col-sm-5  first_col\"><div data-field-wrapper=\"fld_70375\" class=\"form-group\" id=\"fld_70375_1-wrap\">\r\n\t<label id=\"fld_70375Label\" for=\"fld_70375_1\" class=\"control-label\">Tipo de Or\u00e7amento <span aria-hidden=\"true\" role=\"presentation\" class=\"field_required\" style=\"color:#ee0000;\">*<\/span><\/label>\r\n\t<div class=\"\">\r\n\t\t<select name=\"fld_70375\" value=\"\" data-field=\"fld_70375\" class=\"form-control\" id=\"fld_70375_1\"  required=\"required\"  aria-labelledby=\"fld_70375Label\" >\n\t\t<option value=\"\"><\/option>\r\n\t\t\t\t\t<option value=\"Eletricidade\"  data-calc-value=\"Eletricidade\" >\n\t\t\t\t\t\tEletricidade\t\t\t\t\t<\/option>\n\t\t\t\t\t\t\t\t\t\t<option value=\"Dom\u00f3tica\"  data-calc-value=\"Dom\u00f3tica\" >\n\t\t\t\t\t\tDom\u00f3tica\t\t\t\t\t<\/option>\n\t\t\t\t\t\t\t\t\t\t<option value=\"Automatismos\"  data-calc-value=\"Automatismos\" >\n\t\t\t\t\t\tAutomatismos\t\t\t\t\t<\/option>\n\t\t\t\t\t\t\t\t\t\t<option value=\"Climatiza\u00e7\u00e3o\"  data-calc-value=\"Climatiza\u00e7\u00e3o\" >\n\t\t\t\t\t\tClimatiza\u00e7\u00e3o\t\t\t\t\t<\/option>\n\t\t\t\t\t\t\t\t\t\t<option value=\"Alarmes\"  data-calc-value=\"Alarmes\" >\n\t\t\t\t\t\tAlarmes\t\t\t\t\t<\/option>\n\t\t\t\t\t\t\t\t\t\t<option value=\"Aspira\u00e7\u00e3o Central\"  data-calc-value=\"Aspira\u00e7\u00e3o Central\" >\n\t\t\t\t\t\tAspira\u00e7\u00e3o Central\t\t\t\t\t<\/option>\n\t\t\t\t\t\t\t\t\t\t<option value=\"Sistemas de bombagem\"  data-calc-value=\"Sistemas de bombagem\" >\n\t\t\t\t\t\tSistemas de bombagem\t\t\t\t\t<\/option>\n\t\t\t\t\t\t\t\t\t\t<option value=\"Canaliza\u00e7\u00f5es\"  data-calc-value=\"Canaliza\u00e7\u00f5es\" >\n\t\t\t\t\t\tCanaliza\u00e7\u00f5es\t\t\t\t\t<\/option>\n\t\t\t\t\t\t\t\t\t\t<option value=\"Sistemas de Rega\"  data-calc-value=\"Sistemas de Rega\" >\n\t\t\t\t\t\tSistemas de Rega\t\t\t\t\t<\/option>\n\t\t\t\t\t\t\t\t\t\t<option value=\"Outro\"  data-calc-value=\"Outro\" >\n\t\t\t\t\t\tOutro\t\t\t\t\t<\/option>\n\t\t\t\t\t\t\t<\/select>\n\t\t\t<\/div>\r\n<\/div>\r\n<\/div><div  class=\"col-sm-7  last_col\"><div data-field-wrapper=\"fld_6003943\" class=\"form-group\" id=\"fld_6003943_1-wrap\">\r\n\t<label id=\"fld_6003943Label\" for=\"fld_6003943_1\" class=\"control-label\">Enviar Imagem (jpg, zip)<\/label>\r\n\t<div class=\"file-prevent-overflow\">\r\n\t\t<div id=\"fld_6003943_1_file_list\" class=\"cf-multi-uploader-list\"><\/div>\n\t\t\t\t<input type=\"file\" name=\"fld_6003943\" value=\"\" data-field=\"fld_6003943\" class=\"\" id=\"fld_6003943_1\" data-controlid=\"trupl69f5a382a504a\"      aria-labelledby=\"fld_6003943Label\">\n\t\t<input type=\"hidden\" name=\"fld_6003943\" value=\"trupl69f5a382a504a\">\n\t\t\t<\/div>\r\n<\/div>\r\n<\/div><\/div><div id=\"CF5e908562a1bf2_1-row-6\"  class=\"row \"><div  class=\"col-sm-12  single\"><div data-field-wrapper=\"fld_540030\" class=\"form-group\" id=\"fld_540030_1-wrap\">\r\n\t<label id=\"fld_540030Label\" for=\"fld_540030_1\" class=\"control-label\">Coment\u00e1rios <span aria-hidden=\"true\" role=\"presentation\" class=\"field_required\" style=\"color:#ee0000;\">*<\/span><\/label>\r\n\t<div class=\"\">\r\n\t\t<textarea name=\"fld_540030\" value=\"\" data-field=\"fld_540030\" class=\"form-control\" id=\"fld_540030_1\" rows=\"4\"  required=\"required\"  aria-labelledby=\"fld_540030Label\" ><\/textarea>\n\t\t\t<\/div>\r\n<\/div>\r\n<\/div><\/div><div id=\"CF5e908562a1bf2_1-row-7\"  class=\"row  last_row\"><div  class=\"col-sm-12  single\"><div data-field-wrapper=\"fld_6072291\" class=\"form-group\" id=\"fld_6072291_1-wrap\">\r\n<div class=\"\">\r\n\t<input  class=\"btn btn-default\" type=\"submit\" name=\"fld_6072291\" id=\"fld_6072291_1\" value=\"Enviar\" data-field=\"fld_6072291\"  >\n<\/div>\r\n<\/div>\r\n\t<input class=\"button_trigger_1\" type=\"hidden\" name=\"fld_6072291\" id=\"fld_6072291_1_btn\" value=\"\" data-field=\"fld_6072291\"  \/>\n<\/div><\/div><\/form>\r\n<\/div>\r\n\n<p><b><u>A presente proposta \u00e9 efetuada com base nos servi\u00e7os e materiais, taxas e \u00a0cambio em \u00a0vigor \u00e1 data da hoje, estando por isso os valores \u00a0apresentados\u00a0\u00a0sujeitos a reconfirma\u00e7\u00e3o e disponibilidade existente no momento da confirma\u00e7\u00e3o.<\/u><\/b><\/p>\n","protected":false},"excerpt":{"rendered":"<p>Pre\u00e7o da visita 25,00\u20ac\/h por t\u00e9cnico<br \/>\nValor m\u00ednimo\u00a0 50,00\u20ac + desloca\u00e7\u00e3o<\/p>\n<p><strong>Pre\u00e7o sem IVA<br \/>\n<span style=\"color: #fc5f3f;\">Custos de desloca\u00e7\u00e3o 0,52\u20ac\/Km + portagens.<\/span><\/strong><\/p>\n","protected":false},"featured_media":2382,"comment_status":"open","ping_status":"closed","template":"","meta":[],"product_brand":[],"product_cat":[43],"product_tag":[],"class_list":{"0":"post-2381","1":"product","2":"type-product","3":"status-publish","4":"has-post-thumbnail","6":"product_cat-orcamentos","8":"first","9":"onbackorder","10":"taxable","11":"shipping-taxable","12":"product-type-simple"},"_links":{"self":[{"href":"https:\/\/cristianocarvalho.net\/WordPress\/wp-json\/wp\/v2\/product\/2381","targetHints":{"allow":["GET"]}}],"collection":[{"href":"https:\/\/cristianocarvalho.net\/WordPress\/wp-json\/wp\/v2\/product"}],"about":[{"href":"https:\/\/cristianocarvalho.net\/WordPress\/wp-json\/wp\/v2\/types\/product"}],"replies":[{"embeddable":true,"href":"https:\/\/cristianocarvalho.net\/WordPress\/wp-json\/wp\/v2\/comments?post=2381"}],"version-history":[{"count":8,"href":"https:\/\/cristianocarvalho.net\/WordPress\/wp-json\/wp\/v2\/product\/2381\/revisions"}],"predecessor-version":[{"id":4926,"href":"https:\/\/cristianocarvalho.net\/WordPress\/wp-json\/wp\/v2\/product\/2381\/revisions\/4926"}],"wp:featuredmedia":[{"embeddable":true,"href":"https:\/\/cristianocarvalho.net\/WordPress\/wp-json\/wp\/v2\/media\/2382"}],"wp:attachment":[{"href":"https:\/\/cristianocarvalho.net\/WordPress\/wp-json\/wp\/v2\/media?parent=2381"}],"wp:term":[{"taxonomy":"product_brand","embeddable":true,"href":"https:\/\/cristianocarvalho.net\/WordPress\/wp-json\/wp\/v2\/product_brand?post=2381"},{"taxonomy":"product_cat","embeddable":true,"href":"https:\/\/cristianocarvalho.net\/WordPress\/wp-json\/wp\/v2\/product_cat?post=2381"},{"taxonomy":"product_tag","embeddable":true,"href":"https:\/\/cristianocarvalho.net\/WordPress\/wp-json\/wp\/v2\/product_tag?post=2381"}],"curies":[{"name":"wp","href":"https:\/\/api.w.org\/{rel}","templated":true}]}}