{"id":2357,"date":"2020-04-13T20:29:17","date_gmt":"2020-04-13T20:29:17","guid":{"rendered":"http:\/\/cristianocarvalho.net\/WordPress\/?post_type=product&#038;p=2357"},"modified":"2023-03-21T22:35:55","modified_gmt":"2023-03-21T22:35:55","slug":"ecofilm-radiante-f1008-80","status":"publish","type":"product","link":"https:\/\/cristianocarvalho.net\/WordPress\/produto\/ecofilm-radiante-f1008-80\/","title":{"rendered":"Ecofilm Radiante F1008 \u2013 80"},"content":{"rendered":"<p><strong>Ecofilm Radiante F1008 \u2013 80<\/strong><\/p>\n<ul>\n<li>Piso radiante eletrico sob piso laminado.<\/li>\n<li>Espessura radiante da folha &lt;1 mm.<\/li>\n<li>Largura 1 m &#8211; Largura da banda de aquecimento 97 cm.<\/li>\n<li>Pot\u00eancia por superf\u00edcie de 80 W \/ m2.<\/li>\n<li>Pot\u00eancia por metro linear de folha de 78 W \/ m.<\/li>\n<li>Ideal para reformas sob piso laminado sobre piso existente.<\/li>\n<li>Instala\u00e7\u00e3o a seco.<\/li>\n<li>N\u00e3o \u00e9 adequado para \u00e1reas molhadas (consulte mantas de alum\u00ednio).<\/li>\n<li>Consulte Acess\u00f3rios de instala\u00e7\u00e3o, termostatos e isoladores para concluir a instala\u00e7\u00e3o.<\/li>\n<\/ul>\n","protected":false},"excerpt":{"rendered":"<p>Piso radiante eletrico sob piso laminado.<br \/>\nLargura 1 m &#8211; Largura da banda de aquecimento 97 cm.<br \/>\nPot\u00eancia por superf\u00edcie de 80 W \/ m2.<br \/>\nRolo de <strong>50mt<\/strong><\/p>\n<p><strong>Pre\u00e7o sem IVA<br \/>\n<span style=\"color: #fc5f3f;\">Custos de expedi\u00e7\u00e3o calculado s\u00f3 para Portugal Continental.<\/span><\/strong><\/p>\n","protected":false},"featured_media":2362,"comment_status":"open","ping_status":"closed","template":"","meta":[],"product_brand":[],"product_cat":[50,48],"product_tag":[],"class_list":{"0":"post-2357","1":"product","2":"type-product","3":"status-publish","4":"has-post-thumbnail","6":"product_cat-ecofilm","7":"product_cat-piso-radiante-eletrico","8":"product_shipping_class-preco-superior-a-30kg-a-100kg-em-portugal","10":"first","11":"outofstock","12":"taxable","13":"shipping-taxable","14":"purchasable","15":"product-type-simple"},"_links":{"self":[{"href":"https:\/\/cristianocarvalho.net\/WordPress\/wp-json\/wp\/v2\/product\/2357","targetHints":{"allow":["GET"]}}],"collection":[{"href":"https:\/\/cristianocarvalho.net\/WordPress\/wp-json\/wp\/v2\/product"}],"about":[{"href":"https:\/\/cristianocarvalho.net\/WordPress\/wp-json\/wp\/v2\/types\/product"}],"replies":[{"embeddable":true,"href":"https:\/\/cristianocarvalho.net\/WordPress\/wp-json\/wp\/v2\/comments?post=2357"}],"version-history":[{"count":5,"href":"https:\/\/cristianocarvalho.net\/WordPress\/wp-json\/wp\/v2\/product\/2357\/revisions"}],"predecessor-version":[{"id":2423,"href":"https:\/\/cristianocarvalho.net\/WordPress\/wp-json\/wp\/v2\/product\/2357\/revisions\/2423"}],"wp:featuredmedia":[{"embeddable":true,"href":"https:\/\/cristianocarvalho.net\/WordPress\/wp-json\/wp\/v2\/media\/2362"}],"wp:attachment":[{"href":"https:\/\/cristianocarvalho.net\/WordPress\/wp-json\/wp\/v2\/media?parent=2357"}],"wp:term":[{"taxonomy":"product_brand","embeddable":true,"href":"https:\/\/cristianocarvalho.net\/WordPress\/wp-json\/wp\/v2\/product_brand?post=2357"},{"taxonomy":"product_cat","embeddable":true,"href":"https:\/\/cristianocarvalho.net\/WordPress\/wp-json\/wp\/v2\/product_cat?post=2357"},{"taxonomy":"product_tag","embeddable":true,"href":"https:\/\/cristianocarvalho.net\/WordPress\/wp-json\/wp\/v2\/product_tag?post=2357"}],"curies":[{"name":"wp","href":"https:\/\/api.w.org\/{rel}","templated":true}]}}