{"id":3901,"date":"2021-12-30T12:48:21","date_gmt":"2021-12-30T12:48:21","guid":{"rendered":"http:\/\/cristianocarvalho.net\/WordPress\/?page_id=3901"},"modified":"2023-04-29T09:56:52","modified_gmt":"2023-04-29T09:56:52","slug":"eletronica","status":"publish","type":"page","link":"https:\/\/cristianocarvalho.net\/WordPress\/eletronica\/","title":{"rendered":"Eletr\u00f3nica"},"content":{"rendered":"\t\t<div data-elementor-type=\"wp-page\" data-elementor-id=\"3901\" class=\"elementor elementor-3901\" data-elementor-post-type=\"page\">\n\t\t\t\t\t\t<section class=\"elementor-section elementor-top-section elementor-element elementor-element-557ced8 elementor-section-height-min-height elementor-section-boxed elementor-section-height-default elementor-section-items-middle\" data-id=\"557ced8\" data-element_type=\"section\" data-e-type=\"section\" data-settings=\"{&quot;background_background&quot;:&quot;classic&quot;}\">\n\t\t\t\t\t\t\t<div class=\"elementor-background-overlay\"><\/div>\n\t\t\t\t\t\t\t<div class=\"elementor-container elementor-column-gap-default\">\n\t\t\t\t\t<div class=\"elementor-column elementor-col-100 elementor-top-column elementor-element elementor-element-357c6dc\" data-id=\"357c6dc\" data-element_type=\"column\" data-e-type=\"column\">\n\t\t\t<div class=\"elementor-widget-wrap elementor-element-populated\">\n\t\t\t\t\t\t<div class=\"elementor-element elementor-element-d46a416 elementor-widget elementor-widget-heading\" data-id=\"d46a416\" data-element_type=\"widget\" data-e-type=\"widget\" data-widget_type=\"heading.default\">\n\t\t\t\t<div class=\"elementor-widget-container\">\n\t\t\t\t\t<h2 class=\"elementor-heading-title elementor-size-default\">El\u00e9tronica<\/h2>\t\t\t\t<\/div>\n\t\t\t\t<\/div>\n\t\t\t\t\t<\/div>\n\t\t<\/div>\n\t\t\t\t\t<\/div>\n\t\t<\/section>\n\t\t\t\t<section class=\"elementor-section elementor-top-section elementor-element elementor-element-8559195 elementor-section-height-min-height elementor-section-boxed elementor-section-height-default elementor-section-items-middle\" data-id=\"8559195\" data-element_type=\"section\" data-e-type=\"section\" data-settings=\"{&quot;background_background&quot;:&quot;classic&quot;}\">\n\t\t\t\t\t\t\t<div class=\"elementor-background-overlay\"><\/div>\n\t\t\t\t\t\t\t<div class=\"elementor-container elementor-column-gap-default\">\n\t\t\t\t\t<div class=\"elementor-column elementor-col-100 elementor-top-column elementor-element elementor-element-7bd5e37\" data-id=\"7bd5e37\" data-element_type=\"column\" data-e-type=\"column\">\n\t\t\t<div class=\"elementor-widget-wrap elementor-element-populated\">\n\t\t\t\t\t\t<div class=\"elementor-element elementor-element-6518f73 elementor-widget-divider--separator-type-pattern elementor-widget-divider--view-line elementor-widget elementor-widget-divider\" data-id=\"6518f73\" data-element_type=\"widget\" data-e-type=\"widget\" data-widget_type=\"divider.default\">\n\t\t\t\t<div class=\"elementor-widget-container\">\n\t\t\t\t\t\t\t<div class=\"elementor-divider\" style=\"--divider-pattern-url: url(&quot;data:image\/svg+xml,%3Csvg xmlns=&#039;http:\/\/www.w3.org\/2000\/svg&#039; preserveAspectRatio=&#039;none&#039; overflow=&#039;visible&#039; height=&#039;100%&#039; viewBox=&#039;0 0 24 24&#039; fill=&#039;none&#039; stroke=&#039;black&#039; stroke-width=&#039;2&#039; stroke-linecap=&#039;square&#039; stroke-miterlimit=&#039;10&#039;%3E%3Cpath d=&#039;M0,6c6,0,6,13,12,13S18,6,24,6&#039;\/%3E%3C\/svg%3E&quot;);\">\n\t\t\t<span class=\"elementor-divider-separator\">\n\t\t\t\t\t\t<\/span>\n\t\t<\/div>\n\t\t\t\t\t\t<\/div>\n\t\t\t\t<\/div>\n\t\t\t\t\t<\/div>\n\t\t<\/div>\n\t\t\t\t\t<\/div>\n\t\t<\/section>\n\t\t\t\t<section class=\"elementor-section elementor-top-section elementor-element elementor-element-2e0b3f9 elementor-section-boxed elementor-section-height-default elementor-section-height-default\" data-id=\"2e0b3f9\" data-element_type=\"section\" data-e-type=\"section\">\n\t\t\t\t\t\t<div class=\"elementor-container elementor-column-gap-default\">\n\t\t\t\t\t<div class=\"elementor-column elementor-col-100 elementor-top-column elementor-element elementor-element-9b68eeb\" data-id=\"9b68eeb\" data-element_type=\"column\" data-e-type=\"column\">\n\t\t\t<div class=\"elementor-widget-wrap elementor-element-populated\">\n\t\t\t\t\t\t<div class=\"elementor-element elementor-element-bd188d0 elementor-widget elementor-widget-text-editor\" data-id=\"bd188d0\" data-element_type=\"widget\" data-e-type=\"widget\" data-widget_type=\"text-editor.default\">\n\t\t\t\t<div class=\"elementor-widget-container\">\n\t\t\t\t\t\t\t\t\t<p>Este \u00e9 o meu espa\u00e7o de lazer. Ser\u00e3o publicados projetos que fa\u00e7o com o Arduino, com a finalidade de alguns poderem vir a ser aplicados em casos reais.<\/p>\t\t\t\t\t\t\t\t<\/div>\n\t\t\t\t<\/div>\n\t\t\t\t\t<\/div>\n\t\t<\/div>\n\t\t\t\t\t<\/div>\n\t\t<\/section>\n\t\t\t\t<section class=\"elementor-section elementor-top-section elementor-element elementor-element-9812e13 elementor-section-boxed elementor-section-height-default elementor-section-height-default\" data-id=\"9812e13\" data-element_type=\"section\" data-e-type=\"section\">\n\t\t\t\t\t\t<div class=\"elementor-container elementor-column-gap-default\">\n\t\t\t\t\t<div class=\"elementor-column elementor-col-50 elementor-top-column elementor-element elementor-element-4419bf4\" data-id=\"4419bf4\" data-element_type=\"column\" data-e-type=\"column\">\n\t\t\t<div class=\"elementor-widget-wrap elementor-element-populated\">\n\t\t\t\t\t\t<div class=\"elementor-element elementor-element-a968ec9 elementor-widget elementor-widget-image\" data-id=\"a968ec9\" data-element_type=\"widget\" data-e-type=\"widget\" data-widget_type=\"image.default\">\n\t\t\t\t<div class=\"elementor-widget-container\">\n\t\t\t\t\t\t\t\t\t\t\t\t\t\t\t<img data-opt-id=91694078  fetchpriority=\"high\" decoding=\"async\" width=\"438\" height=\"495\" src=\"https:\/\/mlibb0mwkwo9.i.optimole.com\/cb:62NB.5857\/w:438\/h:495\/q:mauto\/f:best\/https:\/\/cristianocarvalho.net\/WordPress\/wp-content\/uploads\/2021\/12\/PCB-30-12-2021.fw_.png\" class=\"attachment-large size-large wp-image-3922\" alt=\"\" srcset=\"https:\/\/mlibb0mwkwo9.i.optimole.com\/cb:62NB.5857\/w:438\/h:495\/q:mauto\/f:best\/https:\/\/cristianocarvalho.net\/WordPress\/wp-content\/uploads\/2021\/12\/PCB-30-12-2021.fw_.png 438w, https:\/\/mlibb0mwkwo9.i.optimole.com\/cb:62NB.5857\/w:265\/h:300\/q:mauto\/f:best\/https:\/\/cristianocarvalho.net\/WordPress\/wp-content\/uploads\/2021\/12\/PCB-30-12-2021.fw_.png 265w\" sizes=\"(max-width: 438px) 100vw, 438px\" \/>\t\t\t\t\t\t\t\t\t\t\t\t\t\t\t<\/div>\n\t\t\t\t<\/div>\n\t\t\t\t\t<\/div>\n\t\t<\/div>\n\t\t\t\t<div class=\"elementor-column elementor-col-50 elementor-top-column elementor-element elementor-element-ce61002\" data-id=\"ce61002\" data-element_type=\"column\" data-e-type=\"column\">\n\t\t\t<div class=\"elementor-widget-wrap elementor-element-populated\">\n\t\t\t\t\t\t<div class=\"elementor-element elementor-element-f4a037c elementor-widget elementor-widget-heading\" data-id=\"f4a037c\" data-element_type=\"widget\" data-e-type=\"widget\" data-widget_type=\"heading.default\">\n\t\t\t\t<div class=\"elementor-widget-container\">\n\t\t\t\t\t<h2 class=\"elementor-heading-title elementor-size-default\">PCB para 8 rel\u00e9s com comunica\u00e7\u00e3o s\u00e9rie v2<\/h2>\t\t\t\t<\/div>\n\t\t\t\t<\/div>\n\t\t\t\t<div class=\"elementor-element elementor-element-129a161 elementor-widget elementor-widget-text-editor\" data-id=\"129a161\" data-element_type=\"widget\" data-e-type=\"widget\" data-widget_type=\"text-editor.default\">\n\t\t\t\t<div class=\"elementor-widget-container\">\n\t\t\t\t\t\t\t\t\t<p><span class=\"style-scope yt-formatted-string\" dir=\"auto\">Fiz a placa contornando as aulas do&nbsp;<a href=\"https:\/\/www.youtube.com\/playlist?list=PL7CjOZ3q8fMeITcRPw7ev6fmJTUT36WKX\" target=\"_blank\" rel=\"noopener\"><b>Brincando com Ideias<\/b><\/a>, mas com base na sua constru\u00e7\u00e3o, fui direto ao desenho PCB do&nbsp;<a href=\"https:\/\/fritzing.org\/\" target=\"_blank\" rel=\"noopener\"><b>Fritzing<\/b><\/a>. <\/span> <span class=\"style-scope yt-formatted-string\" dir=\"auto\">Tentei fazer diferente por um motivo, tornar a placa poss\u00edvel de colocar numa caixa de 6 m\u00f3dulos para calha DIN.&nbsp;<\/span><span class=\"style-scope yt-formatted-string\" dir=\"auto\">Adicionei um Tranco Power DC\/DC TSR 2-2452 para alimentar a placa, a alimenta\u00e7\u00e3o da mesma passa para 12V sendo mais f\u00e1cil de encontra um transformador AC 230v para DC 12V para acoplar em calha DIN.&nbsp;<\/span><\/p>\n<p><strong><a href=\"https:\/\/mlibb0mwkwo9.i.optimole.com\/cb:62NB.5857\/w:auto\/h:auto\/q:mauto\/f:best\/https:\/\/cristianocarvalho.net\/WordPress\/wp-content\/uploads\/2022\/01\/20220114_121607.jpg\" target=\"_blank\" rel=\"noopener\">PCB 30-12-2021 v2<\/a> |&nbsp;<\/strong><\/p>\n<p>Fonte para a constru\u00e7\u00e3o:&nbsp;<a href=\"https:\/\/www.youtube.com\/c\/brincandoComIdeias\" target=\"_blank\" rel=\"noopener\">Canal Brincando com Ideias<\/a><\/p>\n<p>Aulas: <strong><a href=\"https:\/\/www.youtube.com\/watch?v=-lvdhj73ivM&amp;list=PL7CjOZ3q8fMeITcRPw7ev6fmJTUT36WKX\" target=\"_blank\" rel=\"noopener\">1<\/a><\/strong> &#8211; <a href=\"https:\/\/www.youtube.com\/watch?v=iKcQTa4GXuQ\" target=\"_blank\" rel=\"noopener\"><strong>2<\/strong><\/a> &#8211; <a href=\"https:\/\/www.youtube.com\/watch?v=3WqiWAQAqos\" target=\"_blank\" rel=\"noopener\"><strong>3<\/strong><\/a> &#8211; <strong><a href=\"https:\/\/www.youtube.com\/watch?v=xICN_JsdjYY\" target=\"_blank\" rel=\"noopener\">4<\/a><\/strong> &#8211; <a href=\"https:\/\/www.youtube.com\/watch?v=3MLRtdh7Ofk\" target=\"_blank\" rel=\"noopener\"><strong>5<\/strong><\/a> &#8211; <a href=\"https:\/\/www.youtube.com\/watch?v=qFNTKX4kBPc\" target=\"_blank\" rel=\"noopener\"><strong>6<\/strong><\/a>&#8211; <a href=\"https:\/\/www.youtube.com\/watch?v=zEMdz-5-E6k\" target=\"_blank\" rel=\"noopener\"><strong>7<\/strong><\/a> &#8211; <a href=\"https:\/\/www.youtube.com\/watch?v=ihW-WjirpWs\" target=\"_blank\" rel=\"noopener\"><strong>8<\/strong><\/a> &#8211; <a href=\"https:\/\/www.youtube.com\/watch?v=aVUDdxktB0Y\" target=\"_blank\" rel=\"noopener\"><strong>9<\/strong> <\/a>&#8211; <a href=\"https:\/\/www.youtube.com\/watch?v=aRMYnH5syRQ\" target=\"_blank\" rel=\"noopener\"><strong>10<\/strong><\/a> &#8211; <strong><a href=\"https:\/\/www.youtube.com\/watch?v=IR_1h6rjrYY\" target=\"_blank\" rel=\"noopener\">11<\/a><\/strong> &#8211; <strong><a href=\"https:\/\/www.youtube.com\/watch?v=Ax2uexyldMs&amp;list=PL7CjOZ3q8fMeITcRPw7ev6fmJTUT36WKX&amp;index=13\" target=\"_blank\" rel=\"noopener\">12<\/a><\/strong><\/p>\t\t\t\t\t\t\t\t<\/div>\n\t\t\t\t<\/div>\n\t\t\t\t\t<\/div>\n\t\t<\/div>\n\t\t\t\t\t<\/div>\n\t\t<\/section>\n\t\t\t\t<section class=\"elementor-section elementor-top-section elementor-element elementor-element-f2265f6 elementor-section-boxed elementor-section-height-default elementor-section-height-default\" data-id=\"f2265f6\" data-element_type=\"section\" data-e-type=\"section\">\n\t\t\t\t\t\t<div class=\"elementor-container elementor-column-gap-default\">\n\t\t\t\t\t<div class=\"elementor-column elementor-col-100 elementor-top-column elementor-element elementor-element-c46e40c\" data-id=\"c46e40c\" data-element_type=\"column\" data-e-type=\"column\">\n\t\t\t<div class=\"elementor-widget-wrap elementor-element-populated\">\n\t\t\t\t\t\t<div class=\"elementor-element elementor-element-13ebd9a elementor-widget elementor-widget-heading\" data-id=\"13ebd9a\" data-element_type=\"widget\" data-e-type=\"widget\" data-widget_type=\"heading.default\">\n\t\t\t\t<div class=\"elementor-widget-container\">\n\t\t\t\t\t<h2 class=\"elementor-heading-title elementor-size-default\"><span style=\", sans-serif;font-weight: 400;white-space: normal\">____________________ ,,&nbsp;<\/span><span style=\"color: var( --e-global-color-text );, sans-serif;font-weight: 400;white-space: normal\">____________________<\/span><span style=\"color: var( --e-global-color-text );, sans-serif;font-weight: 400;white-space: normal\">&nbsp;<\/span><\/h2>\t\t\t\t<\/div>\n\t\t\t\t<\/div>\n\t\t\t\t<div class=\"elementor-element elementor-element-fd931ba elementor-widget elementor-widget-heading\" data-id=\"fd931ba\" data-element_type=\"widget\" data-e-type=\"widget\" data-widget_type=\"heading.default\">\n\t\t\t\t<div class=\"elementor-widget-container\">\n\t\t\t\t\t<h2 class=\"elementor-heading-title elementor-size-default\"><a href=\"https:\/\/tasmota.github.io\/install\/\" target=\"_blank\">Instalar Tasmota Via Web<\/a><\/h2>\t\t\t\t<\/div>\n\t\t\t\t<\/div>\n\t\t\t\t<div class=\"elementor-element elementor-element-e864c5b elementor-widget elementor-widget-heading\" data-id=\"e864c5b\" data-element_type=\"widget\" data-e-type=\"widget\" data-widget_type=\"heading.default\">\n\t\t\t\t<div class=\"elementor-widget-container\">\n\t\t\t\t\t<h2 class=\"elementor-heading-title elementor-size-default\"><span style=\", sans-serif;font-weight: 400;white-space: normal\">____________________ ,,&nbsp;<\/span><span style=\"color: var( --e-global-color-text );, sans-serif;font-weight: 400;white-space: normal\">____________________<\/span><span style=\"color: var( --e-global-color-text );, sans-serif;font-weight: 400;white-space: normal\">&nbsp;<\/span><\/h2>\t\t\t\t<\/div>\n\t\t\t\t<\/div>\n\t\t\t\t\t<\/div>\n\t\t<\/div>\n\t\t\t\t\t<\/div>\n\t\t<\/section>\n\t\t\t\t<section class=\"elementor-section elementor-top-section elementor-element elementor-element-1d2a3bf elementor-section-boxed elementor-section-height-default elementor-section-height-default\" data-id=\"1d2a3bf\" data-element_type=\"section\" data-e-type=\"section\">\n\t\t\t\t\t\t<div class=\"elementor-container elementor-column-gap-default\">\n\t\t\t\t\t<div class=\"elementor-column elementor-col-100 elementor-top-column elementor-element elementor-element-0f322f8\" data-id=\"0f322f8\" data-element_type=\"column\" data-e-type=\"column\">\n\t\t\t<div class=\"elementor-widget-wrap elementor-element-populated\">\n\t\t\t\t\t\t<div class=\"elementor-element elementor-element-c37309b elementor-widget elementor-widget-image\" data-id=\"c37309b\" data-element_type=\"widget\" data-e-type=\"widget\" data-widget_type=\"image.default\">\n\t\t\t\t<div class=\"elementor-widget-container\">\n\t\t\t\t\t\t\t\t\t\t\t\t\t\t\t<img data-opt-id=1383762676  fetchpriority=\"high\" decoding=\"async\" width=\"300\" height=\"51\" src=\"https:\/\/mlibb0mwkwo9.i.optimole.com\/cb:62NB.5857\/w:300\/h:51\/q:mauto\/f:best\/https:\/\/cristianocarvalho.net\/WordPress\/wp-content\/uploads\/2022\/10\/ESPHome.png\" class=\"attachment-medium size-medium wp-image-4115\" alt=\"\" srcset=\"https:\/\/mlibb0mwkwo9.i.optimole.com\/cb:62NB.5857\/w:1400\/h:238\/q:mauto\/f:best\/https:\/\/cristianocarvalho.net\/WordPress\/wp-content\/uploads\/2022\/10\/ESPHome.png 1400w, https:\/\/mlibb0mwkwo9.i.optimole.com\/cb:62NB.5857\/w:300\/h:51\/q:mauto\/f:best\/https:\/\/cristianocarvalho.net\/WordPress\/wp-content\/uploads\/2022\/10\/ESPHome.png 300w, https:\/\/mlibb0mwkwo9.i.optimole.com\/cb:62NB.5857\/w:1024\/h:174\/q:mauto\/f:best\/https:\/\/cristianocarvalho.net\/WordPress\/wp-content\/uploads\/2022\/10\/ESPHome.png 1024w, https:\/\/mlibb0mwkwo9.i.optimole.com\/cb:62NB.5857\/w:768\/h:131\/q:mauto\/f:best\/https:\/\/cristianocarvalho.net\/WordPress\/wp-content\/uploads\/2022\/10\/ESPHome.png 768w, https:\/\/mlibb0mwkwo9.i.optimole.com\/cb:62NB.5857\/w:600\/h:102\/q:mauto\/f:best\/https:\/\/cristianocarvalho.net\/WordPress\/wp-content\/uploads\/2022\/10\/ESPHome.png 600w\" sizes=\"(max-width: 300px) 100vw, 300px\" \/>\t\t\t\t\t\t\t\t\t\t\t\t\t\t\t<\/div>\n\t\t\t\t<\/div>\n\t\t\t\t<div class=\"elementor-element elementor-element-1a882f4 elementor-widget elementor-widget-text-editor\" data-id=\"1a882f4\" data-element_type=\"widget\" data-e-type=\"widget\" data-widget_type=\"text-editor.default\">\n\t\t\t\t<div class=\"elementor-widget-container\">\n\t\t\t\t\t\t\t\t\t<p><strong><a href=\"https:\/\/esphome.io\/\" target=\"_blank\" rel=\"noopener\">ESPHome<\/a><\/strong> \u00e9 uma ferramenta para controlar placas ESP da forma mais simples poss\u00edvel. Ele l\u00ea arquivos de configura\u00e7\u00e3o YAML e cria um firmware personalizado que instala no seu dispositivo ESP. Dispositivos ou sensores adicionados na configura\u00e7\u00e3o do ESPHome aparecem automaticamente na interface do usu\u00e1rio do Home Assistant.<\/p><h2 class=\"elementor-heading-title elementor-size-default elementor-inline-editing pen\" style=\"font-family: var( --e-global-typography-primary-font-family ), Sans-serif; font-style: normal; font-weight: var( --e-global-typography-primary-font-weight ); color: var( --e-global-color-accent ); text-align: center;\" data-elementor-setting-key=\"title\" data-pen-placeholder=\"Digite aqui...\"><span style=\"color: #222222; font-family: 'Open Sans', sans-serif; font-weight: 400; white-space: normal;\">____________________ ,,\u00a0<\/span><span style=\"color: var( --e-global-color-text ); font-family: 'Open Sans', sans-serif; font-weight: 400; white-space: normal;\">____________________<\/span><span style=\"color: var( --e-global-color-text ); font-family: 'Open Sans', sans-serif; font-weight: 400; white-space: normal;\">\u00a0<\/span><\/h2><p>\u00a0<\/p>\t\t\t\t\t\t\t\t<\/div>\n\t\t\t\t<\/div>\n\t\t\t\t\t<\/div>\n\t\t<\/div>\n\t\t\t\t\t<\/div>\n\t\t<\/section>\n\t\t\t\t<section class=\"elementor-section elementor-top-section elementor-element elementor-element-61439a3 elementor-section-boxed elementor-section-height-default elementor-section-height-default\" data-id=\"61439a3\" data-element_type=\"section\" data-e-type=\"section\">\n\t\t\t\t\t\t<div class=\"elementor-container elementor-column-gap-default\">\n\t\t\t\t\t<div class=\"elementor-column elementor-col-50 elementor-top-column elementor-element elementor-element-c0ccbee\" data-id=\"c0ccbee\" data-element_type=\"column\" data-e-type=\"column\">\n\t\t\t<div class=\"elementor-widget-wrap elementor-element-populated\">\n\t\t\t\t\t\t<div class=\"elementor-element elementor-element-db43b81 elementor-widget elementor-widget-text-editor\" data-id=\"db43b81\" data-element_type=\"widget\" data-e-type=\"widget\" data-widget_type=\"text-editor.default\">\n\t\t\t\t<div class=\"elementor-widget-container\">\n\t\t\t\t\t\t\t\t\t<p><strong><a href=\"https:\/\/ledcalculator.net\/pt#p=5&amp;v=2.1&amp;c=23&amp;n=1&amp;o=w\" target=\"_blank\" rel=\"noopener\">Calcular a resist\u00eancia para um LED<\/a><\/strong><\/p>\t\t\t\t\t\t\t\t<\/div>\n\t\t\t\t<\/div>\n\t\t\t\t<div class=\"elementor-element elementor-element-e02db91 elementor-widget elementor-widget-image\" data-id=\"e02db91\" data-element_type=\"widget\" data-e-type=\"widget\" data-widget_type=\"image.default\">\n\t\t\t\t<div class=\"elementor-widget-container\">\n\t\t\t\t\t\t\t\t\t\t\t\t\t\t\t\t<a href=\"https:\/\/ledcalculator.net\/pt#p=5&#038;v=2.1&#038;c=23&#038;n=1&#038;o=w\" target=\"_blank\">\n\t\t\t\t\t\t\t<img data-opt-id=1948074343  fetchpriority=\"high\" decoding=\"async\" width=\"640\" height=\"152\" src=\"https:\/\/mlibb0mwkwo9.i.optimole.com\/cb:62NB.5857\/w:640\/h:152\/q:mauto\/f:best\/https:\/\/cristianocarvalho.net\/WordPress\/wp-content\/uploads\/2022\/01\/LED.png\" class=\"attachment-large size-large wp-image-4018\" alt=\"\" srcset=\"https:\/\/mlibb0mwkwo9.i.optimole.com\/cb:62NB.5857\/w:640\/h:152\/q:mauto\/f:best\/https:\/\/cristianocarvalho.net\/WordPress\/wp-content\/uploads\/2022\/01\/LED.png 640w, https:\/\/mlibb0mwkwo9.i.optimole.com\/cb:62NB.5857\/w:300\/h:71\/q:mauto\/f:best\/https:\/\/cristianocarvalho.net\/WordPress\/wp-content\/uploads\/2022\/01\/LED.png 300w, https:\/\/mlibb0mwkwo9.i.optimole.com\/cb:62NB.5857\/w:600\/h:143\/q:mauto\/f:best\/https:\/\/cristianocarvalho.net\/WordPress\/wp-content\/uploads\/2022\/01\/LED.png 600w\" sizes=\"(max-width: 640px) 100vw, 640px\" \/>\t\t\t\t\t\t\t\t<\/a>\n\t\t\t\t\t\t\t\t\t\t\t\t\t\t\t<\/div>\n\t\t\t\t<\/div>\n\t\t\t\t\t<\/div>\n\t\t<\/div>\n\t\t\t\t<div class=\"elementor-column elementor-col-50 elementor-top-column elementor-element elementor-element-9a367c5\" data-id=\"9a367c5\" data-element_type=\"column\" data-e-type=\"column\">\n\t\t\t<div class=\"elementor-widget-wrap elementor-element-populated\">\n\t\t\t\t\t\t<div class=\"elementor-element elementor-element-1badc0d elementor-widget elementor-widget-text-editor\" data-id=\"1badc0d\" data-element_type=\"widget\" data-e-type=\"widget\" data-widget_type=\"text-editor.default\">\n\t\t\t\t<div class=\"elementor-widget-container\">\n\t\t\t\t\t\t\t\t\t<p><strong><a href=\"https:\/\/www.thinksrs.com\/downloads\/programs\/Therm%20Calc\/NTCCalibrator\/NTCcalculator.htm\" target=\"_blank\" rel=\"noopener\">Thermistor Calculator<\/a><\/strong><\/p>\t\t\t\t\t\t\t\t<\/div>\n\t\t\t\t<\/div>\n\t\t\t\t\t<\/div>\n\t\t<\/div>\n\t\t\t\t\t<\/div>\n\t\t<\/section>\n\t\t\t\t<section class=\"elementor-section elementor-top-section elementor-element elementor-element-a2f8276 elementor-section-boxed elementor-section-height-default elementor-section-height-default\" data-id=\"a2f8276\" data-element_type=\"section\" data-e-type=\"section\">\n\t\t\t\t\t\t<div class=\"elementor-container elementor-column-gap-default\">\n\t\t\t\t\t<div class=\"elementor-column elementor-col-16 elementor-top-column elementor-element elementor-element-748e92b\" data-id=\"748e92b\" data-element_type=\"column\" data-e-type=\"column\">\n\t\t\t<div class=\"elementor-widget-wrap elementor-element-populated\">\n\t\t\t\t\t\t<div class=\"elementor-element elementor-element-2a41408 elementor-widget elementor-widget-heading\" data-id=\"2a41408\" data-element_type=\"widget\" data-e-type=\"widget\" data-widget_type=\"heading.default\">\n\t\t\t\t<div class=\"elementor-widget-container\">\n\t\t\t\t\t<h2 class=\"elementor-heading-title elementor-size-default\"><a href=\"https:\/\/cristianocarvalho.net\/WordPress\/eletronica-projeto-modulos\/\">Home Automation<\/a><\/h2>\t\t\t\t<\/div>\n\t\t\t\t<\/div>\n\t\t\t\t<div class=\"elementor-element elementor-element-734bf90 elementor-widget elementor-widget-image\" data-id=\"734bf90\" data-element_type=\"widget\" data-e-type=\"widget\" data-widget_type=\"image.default\">\n\t\t\t\t<div class=\"elementor-widget-container\">\n\t\t\t\t\t\t\t\t\t\t\t\t\t\t\t\t<a href=\"https:\/\/cristianocarvalho.net\/WordPress\/eletronica-projeto-modulos\/\">\n\t\t\t\t\t\t\t<img data-opt-id=1005466187  loading=\"lazy\" decoding=\"async\" width=\"1024\" height=\"683\" src=\"https:\/\/mlibb0mwkwo9.i.optimole.com\/cb:62NB.5857\/w:1024\/h:683\/q:mauto\/f:best\/https:\/\/cristianocarvalho.net\/WordPress\/wp-content\/uploads\/2023\/01\/Projeto-PCBs.png\" class=\"attachment-large size-large wp-image-4160\" alt=\"\" srcset=\"https:\/\/mlibb0mwkwo9.i.optimole.com\/cb:62NB.5857\/w:1152\/h:768\/q:mauto\/f:best\/https:\/\/cristianocarvalho.net\/WordPress\/wp-content\/uploads\/2023\/01\/Projeto-PCBs.png 1152w, https:\/\/mlibb0mwkwo9.i.optimole.com\/cb:62NB.5857\/w:300\/h:200\/q:mauto\/f:best\/https:\/\/cristianocarvalho.net\/WordPress\/wp-content\/uploads\/2023\/01\/Projeto-PCBs.png 300w, https:\/\/mlibb0mwkwo9.i.optimole.com\/cb:62NB.5857\/w:1024\/h:683\/q:mauto\/f:best\/https:\/\/cristianocarvalho.net\/WordPress\/wp-content\/uploads\/2023\/01\/Projeto-PCBs.png 1024w, https:\/\/mlibb0mwkwo9.i.optimole.com\/cb:62NB.5857\/w:768\/h:512\/q:mauto\/f:best\/https:\/\/cristianocarvalho.net\/WordPress\/wp-content\/uploads\/2023\/01\/Projeto-PCBs.png 768w, https:\/\/mlibb0mwkwo9.i.optimole.com\/cb:62NB.5857\/w:600\/h:400\/q:mauto\/f:best\/https:\/\/cristianocarvalho.net\/WordPress\/wp-content\/uploads\/2023\/01\/Projeto-PCBs.png 600w\" sizes=\"(max-width: 1024px) 100vw, 1024px\" \/>\t\t\t\t\t\t\t\t<\/a>\n\t\t\t\t\t\t\t\t\t\t\t\t\t\t\t<\/div>\n\t\t\t\t<\/div>\n\t\t\t\t\t<\/div>\n\t\t<\/div>\n\t\t\t\t<div class=\"elementor-column elementor-col-16 elementor-top-column elementor-element elementor-element-8ab8405\" data-id=\"8ab8405\" data-element_type=\"column\" data-e-type=\"column\">\n\t\t\t<div class=\"elementor-widget-wrap\">\n\t\t\t\t\t\t\t<\/div>\n\t\t<\/div>\n\t\t\t\t<div class=\"elementor-column elementor-col-16 elementor-top-column elementor-element elementor-element-4989584\" data-id=\"4989584\" data-element_type=\"column\" data-e-type=\"column\">\n\t\t\t<div class=\"elementor-widget-wrap\">\n\t\t\t\t\t\t\t<\/div>\n\t\t<\/div>\n\t\t\t\t<div class=\"elementor-column elementor-col-16 elementor-top-column elementor-element elementor-element-6753ebb\" data-id=\"6753ebb\" data-element_type=\"column\" data-e-type=\"column\">\n\t\t\t<div class=\"elementor-widget-wrap\">\n\t\t\t\t\t\t\t<\/div>\n\t\t<\/div>\n\t\t\t\t<div class=\"elementor-column elementor-col-16 elementor-top-column elementor-element elementor-element-88538b8\" data-id=\"88538b8\" data-element_type=\"column\" data-e-type=\"column\">\n\t\t\t<div class=\"elementor-widget-wrap\">\n\t\t\t\t\t\t\t<\/div>\n\t\t<\/div>\n\t\t\t\t<div class=\"elementor-column elementor-col-16 elementor-top-column elementor-element elementor-element-a28019e\" data-id=\"a28019e\" data-element_type=\"column\" data-e-type=\"column\">\n\t\t\t<div class=\"elementor-widget-wrap\">\n\t\t\t\t\t\t\t<\/div>\n\t\t<\/div>\n\t\t\t\t\t<\/div>\n\t\t<\/section>\n\t\t\t\t<\/div>\n\t\t","protected":false},"excerpt":{"rendered":"<p>El\u00e9tronica Este \u00e9 o meu espa\u00e7o de lazer. Ser\u00e3o publicados projetos que fa\u00e7o com o Arduino, com a finalidade de alguns poderem vir a ser aplicados em casos reais. PCB para 8 rel\u00e9s com comunica\u00e7\u00e3o s\u00e9rie v2 Fiz a placa contornando as aulas do&nbsp;Brincando com Ideias, mas com base na sua constru\u00e7\u00e3o, fui direto ao &#8230; <a title=\"Eletr\u00f3nica\" class=\"read-more\" href=\"https:\/\/cristianocarvalho.net\/WordPress\/eletronica\/\" aria-label=\"Leia mais sobre Eletr\u00f3nica\">Ler mais<\/a><\/p>\n","protected":false},"author":1,"featured_media":0,"parent":0,"menu_order":0,"comment_status":"closed","ping_status":"closed","template":"","meta":{"footnotes":""},"class_list":["post-3901","page","type-page","status-publish"],"_links":{"self":[{"href":"https:\/\/cristianocarvalho.net\/WordPress\/wp-json\/wp\/v2\/pages\/3901","targetHints":{"allow":["GET"]}}],"collection":[{"href":"https:\/\/cristianocarvalho.net\/WordPress\/wp-json\/wp\/v2\/pages"}],"about":[{"href":"https:\/\/cristianocarvalho.net\/WordPress\/wp-json\/wp\/v2\/types\/page"}],"author":[{"embeddable":true,"href":"https:\/\/cristianocarvalho.net\/WordPress\/wp-json\/wp\/v2\/users\/1"}],"replies":[{"embeddable":true,"href":"https:\/\/cristianocarvalho.net\/WordPress\/wp-json\/wp\/v2\/comments?post=3901"}],"version-history":[{"count":191,"href":"https:\/\/cristianocarvalho.net\/WordPress\/wp-json\/wp\/v2\/pages\/3901\/revisions"}],"predecessor-version":[{"id":4216,"href":"https:\/\/cristianocarvalho.net\/WordPress\/wp-json\/wp\/v2\/pages\/3901\/revisions\/4216"}],"wp:attachment":[{"href":"https:\/\/cristianocarvalho.net\/WordPress\/wp-json\/wp\/v2\/media?parent=3901"}],"curies":[{"name":"wp","href":"https:\/\/api.w.org\/{rel}","templated":true}]}}