{"id":266,"date":"2018-11-19T07:33:38","date_gmt":"2018-11-19T07:33:38","guid":{"rendered":"http:\/\/cristianocarvalho.net\/WordPress\/?page_id=266"},"modified":"2020-04-26T20:42:31","modified_gmt":"2020-04-26T20:42:31","slug":"politica-de-privacidade","status":"publish","type":"page","link":"https:\/\/cristianocarvalho.net\/WordPress\/politica-de-privacidade\/","title":{"rendered":"Politica de Privacidade"},"content":{"rendered":"\t\t<div data-elementor-type=\"wp-page\" data-elementor-id=\"266\" class=\"elementor elementor-266\" data-elementor-post-type=\"page\">\n\t\t\t\t\t\t<section class=\"elementor-section elementor-top-section elementor-element elementor-element-557ced8 elementor-section-height-min-height elementor-section-boxed elementor-section-height-default elementor-section-items-middle\" data-id=\"557ced8\" data-element_type=\"section\" data-e-type=\"section\" data-settings=\"{&quot;background_background&quot;:&quot;classic&quot;}\">\n\t\t\t\t\t\t\t<div class=\"elementor-background-overlay\"><\/div>\n\t\t\t\t\t\t\t<div class=\"elementor-container elementor-column-gap-default\">\n\t\t\t\t\t<div class=\"elementor-column elementor-col-100 elementor-top-column elementor-element elementor-element-357c6dc\" data-id=\"357c6dc\" data-element_type=\"column\" data-e-type=\"column\">\n\t\t\t<div class=\"elementor-widget-wrap elementor-element-populated\">\n\t\t\t\t\t\t<div class=\"elementor-element elementor-element-d46a416 elementor-widget elementor-widget-heading\" data-id=\"d46a416\" data-element_type=\"widget\" data-e-type=\"widget\" data-widget_type=\"heading.default\">\n\t\t\t\t<div class=\"elementor-widget-container\">\n\t\t\t\t\t<h2 class=\"elementor-heading-title elementor-size-default\">Pol\u00edtica de Privacidade<\/h2>\t\t\t\t<\/div>\n\t\t\t\t<\/div>\n\t\t\t\t\t<\/div>\n\t\t<\/div>\n\t\t\t\t\t<\/div>\n\t\t<\/section>\n\t\t\t\t<section class=\"elementor-section elementor-top-section elementor-element elementor-element-3e0d01a7 elementor-section-boxed elementor-section-height-default elementor-section-height-default\" data-id=\"3e0d01a7\" data-element_type=\"section\" data-e-type=\"section\">\n\t\t\t\t\t\t<div class=\"elementor-container elementor-column-gap-default\">\n\t\t\t\t\t<div class=\"elementor-column elementor-col-100 elementor-top-column elementor-element elementor-element-79e20b43\" data-id=\"79e20b43\" data-element_type=\"column\" data-e-type=\"column\">\n\t\t\t<div class=\"elementor-widget-wrap elementor-element-populated\">\n\t\t\t\t\t\t<div class=\"elementor-element elementor-element-19e40b24 elementor-widget elementor-widget-text-editor\" data-id=\"19e40b24\" data-element_type=\"widget\" data-e-type=\"widget\" data-widget_type=\"text-editor.default\">\n\t\t\t\t<div class=\"elementor-widget-container\">\n\t\t\t\t\t\t\t\t\t<strong>POL\u00cdTICA DE PRIVACIDADE<\/strong>\n\nA Cristiano Carvalho Unipessoal, Lda pretende dar a conhecer aos seus clientes as regras e condi\u00e7\u00f5es aplic\u00e1veis ao tratamento dos seus dados pessoais, que s\u00e3o recolhidos e tratados no estrito respeito e cumprimento da Lei de Protec\u00e7\u00e3o de Dados Pessoais (Lei n.\u00ba 67\/98, de 26 de Outubro).\n\nTodos os dados pessoais solicitados (nome, morada, n\u00famero de contribuinte, contacto telef\u00f3nico e endere\u00e7o de email) s\u00e3o necess\u00e1rios para prosseguir com o pedido de encomenda ou repara\u00e7\u00e3o. Levando em considera\u00e7\u00e3o as necessidades de seguran\u00e7a e privacidade dos seus Clientes a Cristiano Carvalho Unipessoal, Lda garante a confidencialidade de todos os dados fornecidos pelos seus Clientes. O acesso \u00e0 informa\u00e7\u00e3o \u00e9 restrito, sendo que esta \u00e9 utilizada apenas para comunica\u00e7\u00e3o com os Clientes e processamento das suas encomendas, nomeadamente pagamento, expedi\u00e7\u00e3o e assist\u00eancia p\u00f3s-venda.\n\nPara todas as quest\u00f5es litigiosas emergentes de qualquer fornecimento efectuado ou repara\u00e7\u00e3o, as partes escolhem o foro da comarca de Set\u00fabal, com expressa ren\u00fancia a qualquer outro.\t\t\t\t\t\t\t\t<\/div>\n\t\t\t\t<\/div>\n\t\t\t\t\t<\/div>\n\t\t<\/div>\n\t\t\t\t\t<\/div>\n\t\t<\/section>\n\t\t\t\t<section class=\"elementor-section elementor-top-section elementor-element elementor-element-8559195 elementor-section-height-min-height elementor-section-boxed elementor-section-height-default elementor-section-items-middle\" data-id=\"8559195\" data-element_type=\"section\" data-e-type=\"section\" data-settings=\"{&quot;background_background&quot;:&quot;classic&quot;}\">\n\t\t\t\t\t\t\t<div class=\"elementor-background-overlay\"><\/div>\n\t\t\t\t\t\t\t<div class=\"elementor-container elementor-column-gap-default\">\n\t\t\t\t\t<div class=\"elementor-column elementor-col-100 elementor-top-column elementor-element elementor-element-7bd5e37\" data-id=\"7bd5e37\" data-element_type=\"column\" data-e-type=\"column\">\n\t\t\t<div class=\"elementor-widget-wrap elementor-element-populated\">\n\t\t\t\t\t\t<div class=\"elementor-element elementor-element-6518f73 elementor-widget-divider--separator-type-pattern elementor-widget-divider--view-line elementor-widget elementor-widget-divider\" data-id=\"6518f73\" data-element_type=\"widget\" data-e-type=\"widget\" data-widget_type=\"divider.default\">\n\t\t\t\t<div class=\"elementor-widget-container\">\n\t\t\t\t\t\t\t<div class=\"elementor-divider\" style=\"--divider-pattern-url: url(&quot;data:image\/svg+xml,%3Csvg xmlns=&#039;http:\/\/www.w3.org\/2000\/svg&#039; preserveAspectRatio=&#039;none&#039; overflow=&#039;visible&#039; height=&#039;100%&#039; viewBox=&#039;0 0 24 24&#039; fill=&#039;none&#039; stroke=&#039;black&#039; stroke-width=&#039;2&#039; stroke-linecap=&#039;square&#039; stroke-miterlimit=&#039;10&#039;%3E%3Cpath d=&#039;M0,6c6,0,6,13,12,13S18,6,24,6&#039;\/%3E%3C\/svg%3E&quot;);\">\n\t\t\t<span class=\"elementor-divider-separator\">\n\t\t\t\t\t\t<\/span>\n\t\t<\/div>\n\t\t\t\t\t\t<\/div>\n\t\t\t\t<\/div>\n\t\t\t\t\t<\/div>\n\t\t<\/div>\n\t\t\t\t\t<\/div>\n\t\t<\/section>\n\t\t\t\t<\/div>\n\t\t","protected":false},"excerpt":{"rendered":"<p>Pol\u00edtica de Privacidade POL\u00cdTICA DE PRIVACIDADE A Cristiano Carvalho Unipessoal, Lda pretende dar a conhecer aos seus clientes as regras e condi\u00e7\u00f5es aplic\u00e1veis ao tratamento dos seus dados pessoais, que s\u00e3o recolhidos e tratados no estrito respeito e cumprimento da Lei de Protec\u00e7\u00e3o de Dados Pessoais (Lei n.\u00ba 67\/98, de 26 de Outubro). Todos os &#8230; <a title=\"Politica de Privacidade\" class=\"read-more\" href=\"https:\/\/cristianocarvalho.net\/WordPress\/politica-de-privacidade\/\" aria-label=\"Leia mais sobre Politica de Privacidade\">Ler mais<\/a><\/p>\n","protected":false},"author":1,"featured_media":0,"parent":0,"menu_order":0,"comment_status":"closed","ping_status":"closed","template":"","meta":{"footnotes":""},"class_list":["post-266","page","type-page","status-publish"],"_links":{"self":[{"href":"https:\/\/cristianocarvalho.net\/WordPress\/wp-json\/wp\/v2\/pages\/266","targetHints":{"allow":["GET"]}}],"collection":[{"href":"https:\/\/cristianocarvalho.net\/WordPress\/wp-json\/wp\/v2\/pages"}],"about":[{"href":"https:\/\/cristianocarvalho.net\/WordPress\/wp-json\/wp\/v2\/types\/page"}],"author":[{"embeddable":true,"href":"https:\/\/cristianocarvalho.net\/WordPress\/wp-json\/wp\/v2\/users\/1"}],"replies":[{"embeddable":true,"href":"https:\/\/cristianocarvalho.net\/WordPress\/wp-json\/wp\/v2\/comments?post=266"}],"version-history":[{"count":20,"href":"https:\/\/cristianocarvalho.net\/WordPress\/wp-json\/wp\/v2\/pages\/266\/revisions"}],"predecessor-version":[{"id":3099,"href":"https:\/\/cristianocarvalho.net\/WordPress\/wp-json\/wp\/v2\/pages\/266\/revisions\/3099"}],"wp:attachment":[{"href":"https:\/\/cristianocarvalho.net\/WordPress\/wp-json\/wp\/v2\/media?parent=266"}],"curies":[{"name":"wp","href":"https:\/\/api.w.org\/{rel}","templated":true}]}}