{"id":1944,"date":"2020-04-06T16:33:15","date_gmt":"2020-04-06T16:33:15","guid":{"rendered":"http:\/\/cristianocarvalho.net\/WordPress\/?page_id=1944"},"modified":"2020-04-26T20:27:38","modified_gmt":"2020-04-26T20:27:38","slug":"knx-easy","status":"publish","type":"page","link":"https:\/\/cristianocarvalho.net\/WordPress\/knx-easy\/","title":{"rendered":"KNX easy"},"content":{"rendered":"\t\t<div data-elementor-type=\"wp-page\" data-elementor-id=\"1944\" class=\"elementor elementor-1944\" data-elementor-post-type=\"page\">\n\t\t\t\t\t\t<section class=\"elementor-section elementor-top-section elementor-element elementor-element-4407aa68 elementor-section-height-min-height elementor-section-boxed elementor-section-height-default elementor-section-items-middle\" data-id=\"4407aa68\" data-element_type=\"section\" data-e-type=\"section\" data-settings=\"{&quot;background_background&quot;:&quot;classic&quot;}\">\n\t\t\t\t\t\t\t<div class=\"elementor-background-overlay\"><\/div>\n\t\t\t\t\t\t\t<div class=\"elementor-container elementor-column-gap-default\">\n\t\t\t\t\t<div class=\"elementor-column elementor-col-100 elementor-top-column elementor-element elementor-element-14361678\" data-id=\"14361678\" data-element_type=\"column\" data-e-type=\"column\">\n\t\t\t<div class=\"elementor-widget-wrap elementor-element-populated\">\n\t\t\t\t\t\t<div class=\"elementor-element elementor-element-6a9c4961 elementor-widget elementor-widget-heading\" data-id=\"6a9c4961\" data-element_type=\"widget\" data-e-type=\"widget\" data-widget_type=\"heading.default\">\n\t\t\t\t<div class=\"elementor-widget-container\">\n\t\t\t\t\t<h1 class=\"elementor-heading-title elementor-size-default\">K N X easy<\/h1>\t\t\t\t<\/div>\n\t\t\t\t<\/div>\n\t\t\t\t\t<\/div>\n\t\t<\/div>\n\t\t\t\t\t<\/div>\n\t\t<\/section>\n\t\t\t\t<section class=\"elementor-section elementor-top-section elementor-element elementor-element-4961fbdc elementor-section-boxed elementor-section-height-default elementor-section-height-default\" data-id=\"4961fbdc\" data-element_type=\"section\" data-e-type=\"section\">\n\t\t\t\t\t\t<div class=\"elementor-container elementor-column-gap-default\">\n\t\t\t\t\t<div class=\"elementor-column elementor-col-50 elementor-top-column elementor-element elementor-element-3c7873c2\" data-id=\"3c7873c2\" data-element_type=\"column\" data-e-type=\"column\">\n\t\t\t<div class=\"elementor-widget-wrap elementor-element-populated\">\n\t\t\t\t\t\t<div class=\"elementor-element elementor-element-6068b994 elementor-widget elementor-widget-heading\" data-id=\"6068b994\" data-element_type=\"widget\" data-e-type=\"widget\" data-widget_type=\"heading.default\">\n\t\t\t\t<div class=\"elementor-widget-container\">\n\t\t\t\t\t<h2 class=\"elementor-heading-title elementor-size-default\">O que \u00e9 o KNX<\/h2>\t\t\t\t<\/div>\n\t\t\t\t<\/div>\n\t\t\t\t<div class=\"elementor-element elementor-element-7174f497 elementor-widget elementor-widget-text-editor\" data-id=\"7174f497\" data-element_type=\"widget\" data-e-type=\"widget\" data-widget_type=\"text-editor.default\">\n\t\t\t\t<div class=\"elementor-widget-container\">\n\t\t\t\t\t\t\t\t\t<p>A sigla <strong><span style=\"color: #008000;\">K<\/span><span style=\"color: #808080;\">N<\/span><\/strong><span style=\"color: #333399;\"><strong>X<\/strong><\/span> ou <strong><span style=\"color: #333399;\">EIB<\/span><\/strong> (european Installation Bus) \u00e9 o protocolo de comunica\u00e7\u00e3o usado por equipamentos de dom\u00f3tica\u00a0 para comunicarem entre si. O <strong><span style=\"color: #008000;\">K<\/span><span style=\"color: #808080;\">N<\/span><\/strong><span style=\"color: #333399;\"><strong>X<\/strong><\/span> \u00e9 um Standard de origem europeia, o mais fi\u00e1vel e usado a n\u00edvel mundial. Conta com mais de 300 fabricantes e milhares de integradores. As principais marcas de produtos de dom\u00f3tica utilizam este protocolo.<\/p><ul><li>O <strong><span style=\"color: #008000;\">K<\/span><span style=\"color: #808080;\">N<\/span><\/strong><span style=\"color: #333399;\"><strong>X<\/strong><\/span> \u00e9 um protocolo aberto, expans\u00edvel e um sistema user-friendly.<\/li><li>Oferece-lhe uma liberdade de escolha livre dos produtos, mais de 300 fabricantes<\/li><li>Compat\u00edveis entre si de acordo com os \u00faltimos standard t\u00e9cnicos, conferindo-lhe total liberdade na selec\u00e7\u00e3o.<\/li><li>J\u00e1 est\u00e1 preparado para a nova gera\u00e7\u00e3o de produtos.<\/li><\/ul><p>O <strong><span style=\"color: #008000;\">K<\/span><span style=\"color: #808080;\">N<\/span><\/strong><span style=\"color: #333399;\"><strong>X<\/strong><\/span> \u00e9 o \u00fanico sistema que cumpre com os requisitos da Norma Europeia (EN50090) e a Norma Internacional (ISO \/ IEC 14543) standard para a automa\u00e7\u00e3o residencial. Esta conformidade confirma a qualidade e o valor da tecnologia <strong><span style=\"color: #008000;\">K<\/span><span style=\"color: #808080;\">N<\/span><\/strong><span style=\"color: #333399;\"><strong>X<\/strong><\/span>. Como tal serve de refer\u00eancia de qualidade para os propriet\u00e1rios dos edif\u00edcios.\u00a0<\/p>\t\t\t\t\t\t\t\t<\/div>\n\t\t\t\t<\/div>\n\t\t\t\t\t<\/div>\n\t\t<\/div>\n\t\t\t\t<div class=\"elementor-column elementor-col-50 elementor-top-column elementor-element elementor-element-5e91389\" data-id=\"5e91389\" data-element_type=\"column\" data-e-type=\"column\" data-settings=\"{&quot;background_background&quot;:&quot;classic&quot;}\">\n\t\t\t<div class=\"elementor-widget-wrap elementor-element-populated\">\n\t\t\t\t\t\t<div class=\"elementor-element elementor-element-174af9b elementor-widget elementor-widget-image\" data-id=\"174af9b\" data-element_type=\"widget\" data-e-type=\"widget\" data-widget_type=\"image.default\">\n\t\t\t\t<div class=\"elementor-widget-container\">\n\t\t\t\t\t\t\t\t\t\t\t\t\t\t\t<img data-opt-id=1324370561  fetchpriority=\"high\" decoding=\"async\" src=\"https:\/\/mlibb0mwkwo9.i.optimole.com\/cb:62NB.5857\/w:205\/h:160\/q:mauto\/f:best\/https:\/\/cristianocarvalho.net\/WordPress\/wp-content\/uploads\/2020\/04\/logo-knx.png\" title=\"logo-knx\" alt=\"logo-knx\" loading=\"lazy\" \/>\t\t\t\t\t\t\t\t\t\t\t\t\t\t\t<\/div>\n\t\t\t\t<\/div>\n\t\t\t\t<div class=\"elementor-element elementor-element-5927398 elementor-widget elementor-widget-image\" data-id=\"5927398\" data-element_type=\"widget\" data-e-type=\"widget\" data-widget_type=\"image.default\">\n\t\t\t\t<div class=\"elementor-widget-container\">\n\t\t\t\t\t\t\t\t\t\t\t\t\t\t\t<img data-opt-id=1894825073  fetchpriority=\"high\" decoding=\"async\" width=\"438\" height=\"438\" src=\"https:\/\/mlibb0mwkwo9.i.optimole.com\/cb:62NB.5857\/w:438\/h:438\/q:mauto\/f:best\/https:\/\/cristianocarvalho.net\/WordPress\/wp-content\/uploads\/2020\/04\/Escritório.png\" class=\"attachment-large size-large wp-image-1949\" alt=\"\" srcset=\"https:\/\/mlibb0mwkwo9.i.optimole.com\/cb:62NB.5857\/w:300\/h:300\/q:mauto\/f:best\/https:\/\/cristianocarvalho.net\/WordPress\/wp-content\/uploads\/2020\/04\/Escrit\u00f3rio.png 300w, https:\/\/mlibb0mwkwo9.i.optimole.com\/cb:62NB.5857\/w:100\/h:100\/q:mauto\/f:best\/dpr:2\/https:\/\/cristianocarvalho.net\/WordPress\/wp-content\/uploads\/2020\/04\/Escrit\u00f3rio.png 100w, https:\/\/mlibb0mwkwo9.i.optimole.com\/cb:62NB.5857\/w:150\/h:150\/q:mauto\/f:best\/https:\/\/cristianocarvalho.net\/WordPress\/wp-content\/uploads\/2020\/04\/Escrit\u00f3rio.png 150w\" sizes=\"(max-width: 438px) 100vw, 438px\" \/>\t\t\t\t\t\t\t\t\t\t\t\t\t\t\t<\/div>\n\t\t\t\t<\/div>\n\t\t\t\t\t<\/div>\n\t\t<\/div>\n\t\t\t\t\t<\/div>\n\t\t<\/section>\n\t\t\t\t<section class=\"elementor-section elementor-top-section elementor-element elementor-element-11dd4077 elementor-section-boxed elementor-section-height-default elementor-section-height-default\" data-id=\"11dd4077\" data-element_type=\"section\" data-e-type=\"section\" data-settings=\"{&quot;background_background&quot;:&quot;classic&quot;}\">\n\t\t\t\t\t\t\t<div class=\"elementor-background-overlay\"><\/div>\n\t\t\t\t\t\t\t<div class=\"elementor-container elementor-column-gap-default\">\n\t\t\t\t\t<div class=\"elementor-column elementor-col-50 elementor-top-column elementor-element elementor-element-7507da79\" data-id=\"7507da79\" data-element_type=\"column\" data-e-type=\"column\">\n\t\t\t<div class=\"elementor-widget-wrap elementor-element-populated\">\n\t\t\t\t\t\t<div class=\"elementor-element elementor-element-1492e85e elementor-widget elementor-widget-heading\" data-id=\"1492e85e\" data-element_type=\"widget\" data-e-type=\"widget\" data-widget_type=\"heading.default\">\n\t\t\t\t<div class=\"elementor-widget-container\">\n\t\t\t\t\t<h2 class=\"elementor-heading-title elementor-size-default\">Modos de Programa\u00e7\u00e3o<\/h2>\t\t\t\t<\/div>\n\t\t\t\t<\/div>\n\t\t\t\t<div class=\"elementor-element elementor-element-30081e03 elementor-widget elementor-widget-text-editor\" data-id=\"30081e03\" data-element_type=\"widget\" data-e-type=\"widget\" data-widget_type=\"text-editor.default\">\n\t\t\t\t<div class=\"elementor-widget-container\">\n\t\t\t\t\t\t\t\t\t<p><strong>No que concerne a programa\u00e7\u00e3o de systemas <span style=\"color: #66bd91;\">K<\/span><span style=\"color: #d4d4d4;\">N<\/span><\/strong><span style=\"color: #90abfc;\"><strong>X<\/strong> <\/span><strong>est\u00e3o definidos 2 modos:<\/strong><\/p><ul><li><strong>Modo E: Easy \u2013<\/strong> Para instala\u00e7\u00f5es de pequena e m\u00e9dia dimens\u00e3o, de complexidade m\u00e9dia e reduzida.<\/li><li><strong>Modo S: system \u2013<\/strong> Dedicado a instaladores certificados <strong><span style=\"color: #66bd91;\">K<\/span><span style=\"color: #d4d4d4;\">N<\/span><span style=\"color: #90abfc;\">X<\/span><\/strong>, permite realizar instala\u00e7\u00f5es de grandes dimens\u00f5es e elevado grau de complexidade. A programa\u00e7\u00e3o \u00e9 feita por <strong>ETS<\/strong>.<\/li><\/ul>\t\t\t\t\t\t\t\t<\/div>\n\t\t\t\t<\/div>\n\t\t\t\t<div class=\"elementor-element elementor-element-837bd51 elementor-widget elementor-widget-heading\" data-id=\"837bd51\" data-element_type=\"widget\" data-e-type=\"widget\" data-widget_type=\"heading.default\">\n\t\t\t\t<div class=\"elementor-widget-container\">\n\t\t\t\t\t<h2 class=\"elementor-heading-title elementor-size-default\">Sistema Domovea <\/h2>\t\t\t\t<\/div>\n\t\t\t\t<\/div>\n\t\t\t\t<div class=\"elementor-element elementor-element-717447e elementor-widget elementor-widget-text-editor\" data-id=\"717447e\" data-element_type=\"widget\" data-e-type=\"widget\" data-widget_type=\"text-editor.default\">\n\t\t\t\t<div class=\"elementor-widget-container\">\n\t\t\t\t\t\t\t\t\t<p>O sistema domovea <strong><span style=\"color: #008000;\">K<\/span><span style=\"color: #808080;\">N<\/span><\/strong><span style=\"color: #333399;\"><strong>X<\/strong><\/span> ser\u00e1 o \u201crosto\u201d do futuro da automa\u00e7\u00e3o de edif\u00edcios, tornando as habita\u00e7\u00f5es<br \/>inteligentes ainda mais atraentes, intuitivas e vers\u00e1teis para os seus utilizadores.<\/p><p>O Domovea <strong><span style=\"color: #008000;\">K<\/span><span style=\"color: #808080;\">N<\/span><\/strong><span style=\"color: #333399;\"><strong>X<\/strong><\/span> apresenta a gest\u00e3o e automa\u00e7\u00e3o de instala\u00e7\u00f5es el\u00e9ctricas sob uma perspectiva totalmente inovadora: <br \/>Todas as fun\u00e7\u00f5es existentes na instala\u00e7\u00e3o podem ser controladas usando uma interface gr\u00e1fica de utilizador muito intuitiva: ilumina\u00e7\u00e3o, aquecimento, ventila\u00e7\u00e3o, ar condicionado, estores, programa\u00e7\u00e3o hor\u00e1ria e astron\u00f3mica, alarmes, programa\u00e7\u00e3o l\u00f3gica, e muito mais.<\/p>\t\t\t\t\t\t\t\t<\/div>\n\t\t\t\t<\/div>\n\t\t\t\t\t<\/div>\n\t\t<\/div>\n\t\t\t\t<div class=\"elementor-column elementor-col-50 elementor-top-column elementor-element elementor-element-272f2b73\" data-id=\"272f2b73\" data-element_type=\"column\" data-e-type=\"column\" data-settings=\"{&quot;background_background&quot;:&quot;classic&quot;}\">\n\t\t\t<div class=\"elementor-widget-wrap elementor-element-populated\">\n\t\t\t\t\t\t<div class=\"elementor-element elementor-element-64e120e elementor-widget elementor-widget-image\" data-id=\"64e120e\" data-element_type=\"widget\" data-e-type=\"widget\" data-widget_type=\"image.default\">\n\t\t\t\t<div class=\"elementor-widget-container\">\n\t\t\t\t\t\t\t\t\t\t\t\t\t\t\t<img data-opt-id=1063464549  fetchpriority=\"high\" decoding=\"async\" width=\"360\" height=\"360\" src=\"https:\/\/mlibb0mwkwo9.i.optimole.com\/cb:62NB.5857\/w:360\/h:360\/q:mauto\/f:best\/https:\/\/cristianocarvalho.net\/WordPress\/wp-content\/uploads\/2020\/04\/domovea.png\" class=\"attachment-large size-large wp-image-1976\" alt=\"\" srcset=\"https:\/\/mlibb0mwkwo9.i.optimole.com\/cb:62NB.5857\/w:300\/h:300\/q:mauto\/f:best\/https:\/\/cristianocarvalho.net\/WordPress\/wp-content\/uploads\/2020\/04\/domovea.png 300w, https:\/\/mlibb0mwkwo9.i.optimole.com\/cb:62NB.5857\/w:100\/h:100\/q:mauto\/f:best\/dpr:2\/https:\/\/cristianocarvalho.net\/WordPress\/wp-content\/uploads\/2020\/04\/domovea.png 100w, https:\/\/mlibb0mwkwo9.i.optimole.com\/cb:62NB.5857\/w:150\/h:150\/q:mauto\/f:best\/https:\/\/cristianocarvalho.net\/WordPress\/wp-content\/uploads\/2020\/04\/domovea.png 150w\" sizes=\"(max-width: 360px) 100vw, 360px\" \/>\t\t\t\t\t\t\t\t\t\t\t\t\t\t\t<\/div>\n\t\t\t\t<\/div>\n\t\t\t\t<div class=\"elementor-element elementor-element-5b59eae elementor-widget elementor-widget-video\" data-id=\"5b59eae\" data-element_type=\"widget\" data-e-type=\"widget\" data-settings=\"{&quot;youtube_url&quot;:&quot;https:\\\/\\\/youtu.be\\\/wKD_pkQsDTA&quot;,&quot;video_type&quot;:&quot;youtube&quot;,&quot;controls&quot;:&quot;yes&quot;}\" data-widget_type=\"video.default\">\n\t\t\t\t<div class=\"elementor-widget-container\">\n\t\t\t\t\t\t\t<div class=\"elementor-wrapper elementor-open-inline\">\n\t\t\t<div class=\"elementor-video\"><\/div>\t\t<\/div>\n\t\t\t\t\t\t<\/div>\n\t\t\t\t<\/div>\n\t\t\t\t\t<\/div>\n\t\t<\/div>\n\t\t\t\t\t<\/div>\n\t\t<\/section>\n\t\t\t\t<section class=\"elementor-section elementor-top-section elementor-element elementor-element-0a06c5d elementor-section-boxed elementor-section-height-default elementor-section-height-default\" data-id=\"0a06c5d\" data-element_type=\"section\" data-e-type=\"section\">\n\t\t\t\t\t\t<div class=\"elementor-container elementor-column-gap-default\">\n\t\t\t\t\t<div class=\"elementor-column elementor-col-50 elementor-top-column elementor-element elementor-element-5cdcf43\" data-id=\"5cdcf43\" data-element_type=\"column\" data-e-type=\"column\">\n\t\t\t<div class=\"elementor-widget-wrap elementor-element-populated\">\n\t\t\t\t\t\t<div class=\"elementor-element elementor-element-a659ba2 elementor-widget elementor-widget-text-editor\" data-id=\"a659ba2\" data-element_type=\"widget\" data-e-type=\"widget\" data-widget_type=\"text-editor.default\">\n\t\t\t\t<div class=\"elementor-widget-container\">\n\t\t\t\t\t\t\t\t\t<p>A intelig\u00eancia \u00e9 vers\u00e1til! A interface de utilizador intuitiva do domovea <strong><span style=\"color: #008000;\">K<\/span><span style=\"color: #808080;\">N<\/span><\/strong><span style=\"color: #333399;\"><strong>X<\/strong><\/span> pode ser instalada em qualquer PC compat\u00edvel com Windows\u00ae, seja um Touch Panel, um notebook ou desktop. Cada dispositivo tem acesso ao servidor domovea atrav\u00e9s de uma rede de \u00e1rea local IP, disponibilizando todas as informa\u00e7\u00f5es necess\u00e1rias. Isto permite ao utilizador aceder a todas as fun\u00e7\u00f5es da instala\u00e7\u00e3o.<\/p>\t\t\t\t\t\t\t\t<\/div>\n\t\t\t\t<\/div>\n\t\t\t\t\t<\/div>\n\t\t<\/div>\n\t\t\t\t<div class=\"elementor-column elementor-col-50 elementor-top-column elementor-element elementor-element-152130b\" data-id=\"152130b\" data-element_type=\"column\" data-e-type=\"column\" data-settings=\"{&quot;background_background&quot;:&quot;classic&quot;}\">\n\t\t\t<div class=\"elementor-widget-wrap elementor-element-populated\">\n\t\t\t\t\t\t<div class=\"elementor-element elementor-element-f5c5da7 elementor-align-center elementor-widget elementor-widget-button\" data-id=\"f5c5da7\" data-element_type=\"widget\" data-e-type=\"widget\" data-widget_type=\"button.default\">\n\t\t\t\t<div class=\"elementor-widget-container\">\n\t\t\t\t\t\t\t\t\t<div class=\"elementor-button-wrapper\">\n\t\t\t\t\t<a class=\"elementor-button elementor-button-link elementor-size-sm elementor-animation-grow\" href=\"https:\/\/cristianocarvalho.net\/WordPress\/categoria-produto\/orcamentos\/\">\n\t\t\t\t\t\t<span class=\"elementor-button-content-wrapper\">\n\t\t\t\t\t\t\t\t\t<span class=\"elementor-button-text\">Or\u00e7amentos<\/span>\n\t\t\t\t\t<\/span>\n\t\t\t\t\t<\/a>\n\t\t\t\t<\/div>\n\t\t\t\t\t\t\t\t<\/div>\n\t\t\t\t<\/div>\n\t\t\t\t\t<\/div>\n\t\t<\/div>\n\t\t\t\t\t<\/div>\n\t\t<\/section>\n\t\t\t\t<section class=\"elementor-section elementor-top-section elementor-element elementor-element-f3f1e46 elementor-section-height-min-height elementor-section-boxed elementor-section-height-default elementor-section-items-middle\" data-id=\"f3f1e46\" data-element_type=\"section\" data-e-type=\"section\" data-settings=\"{&quot;background_background&quot;:&quot;classic&quot;}\">\n\t\t\t\t\t\t\t<div class=\"elementor-background-overlay\"><\/div>\n\t\t\t\t\t\t\t<div class=\"elementor-container elementor-column-gap-default\">\n\t\t\t\t\t<div class=\"elementor-column elementor-col-100 elementor-top-column elementor-element elementor-element-16d8099\" data-id=\"16d8099\" data-element_type=\"column\" data-e-type=\"column\">\n\t\t\t<div class=\"elementor-widget-wrap elementor-element-populated\">\n\t\t\t\t\t\t<div class=\"elementor-element elementor-element-7e384f3 elementor-widget-divider--separator-type-pattern elementor-widget-divider--view-line elementor-widget elementor-widget-divider\" data-id=\"7e384f3\" data-element_type=\"widget\" data-e-type=\"widget\" data-widget_type=\"divider.default\">\n\t\t\t\t<div class=\"elementor-widget-container\">\n\t\t\t\t\t\t\t<div class=\"elementor-divider\" style=\"--divider-pattern-url: url(&quot;data:image\/svg+xml,%3Csvg xmlns=&#039;http:\/\/www.w3.org\/2000\/svg&#039; preserveAspectRatio=&#039;none&#039; overflow=&#039;visible&#039; height=&#039;100%&#039; viewBox=&#039;0 0 24 24&#039; fill=&#039;none&#039; stroke=&#039;black&#039; stroke-width=&#039;2&#039; stroke-linecap=&#039;square&#039; stroke-miterlimit=&#039;10&#039;%3E%3Cpath d=&#039;M0,6c6,0,6,13,12,13S18,6,24,6&#039;\/%3E%3C\/svg%3E&quot;);\">\n\t\t\t<span class=\"elementor-divider-separator\">\n\t\t\t\t\t\t<\/span>\n\t\t<\/div>\n\t\t\t\t\t\t<\/div>\n\t\t\t\t<\/div>\n\t\t\t\t\t<\/div>\n\t\t<\/div>\n\t\t\t\t\t<\/div>\n\t\t<\/section>\n\t\t\t\t<\/div>\n\t\t","protected":false},"excerpt":{"rendered":"<p>K N X easy O que \u00e9 o KNX A sigla KNX ou EIB (european Installation Bus) \u00e9 o protocolo de comunica\u00e7\u00e3o usado por equipamentos de dom\u00f3tica\u00a0 para comunicarem entre si. O KNX \u00e9 um Standard de origem europeia, o mais fi\u00e1vel e usado a n\u00edvel mundial. Conta com mais de 300 fabricantes e milhares &#8230; <a title=\"KNX easy\" class=\"read-more\" href=\"https:\/\/cristianocarvalho.net\/WordPress\/knx-easy\/\" aria-label=\"Leia mais sobre KNX easy\">Ler mais<\/a><\/p>\n","protected":false},"author":1,"featured_media":0,"parent":0,"menu_order":0,"comment_status":"closed","ping_status":"closed","template":"","meta":{"footnotes":""},"class_list":["post-1944","page","type-page","status-publish"],"_links":{"self":[{"href":"https:\/\/cristianocarvalho.net\/WordPress\/wp-json\/wp\/v2\/pages\/1944","targetHints":{"allow":["GET"]}}],"collection":[{"href":"https:\/\/cristianocarvalho.net\/WordPress\/wp-json\/wp\/v2\/pages"}],"about":[{"href":"https:\/\/cristianocarvalho.net\/WordPress\/wp-json\/wp\/v2\/types\/page"}],"author":[{"embeddable":true,"href":"https:\/\/cristianocarvalho.net\/WordPress\/wp-json\/wp\/v2\/users\/1"}],"replies":[{"embeddable":true,"href":"https:\/\/cristianocarvalho.net\/WordPress\/wp-json\/wp\/v2\/comments?post=1944"}],"version-history":[{"count":37,"href":"https:\/\/cristianocarvalho.net\/WordPress\/wp-json\/wp\/v2\/pages\/1944\/revisions"}],"predecessor-version":[{"id":3087,"href":"https:\/\/cristianocarvalho.net\/WordPress\/wp-json\/wp\/v2\/pages\/1944\/revisions\/3087"}],"wp:attachment":[{"href":"https:\/\/cristianocarvalho.net\/WordPress\/wp-json\/wp\/v2\/media?parent=1944"}],"curies":[{"name":"wp","href":"https:\/\/api.w.org\/{rel}","templated":true}]}}