{"id":1293,"date":"2020-04-02T13:55:59","date_gmt":"2020-04-02T13:55:59","guid":{"rendered":"http:\/\/cristianocarvalho.net\/WordPress\/?page_id=1293"},"modified":"2021-03-01T11:39:26","modified_gmt":"2021-03-01T11:39:26","slug":"aquecimento-rointe","status":"publish","type":"page","link":"https:\/\/cristianocarvalho.net\/WordPress\/aquecimento-rointe\/","title":{"rendered":"Aquecimento Rointe"},"content":{"rendered":"\t\t<div data-elementor-type=\"wp-page\" data-elementor-id=\"1293\" class=\"elementor elementor-1293\" data-elementor-post-type=\"page\">\n\t\t\t\t\t\t<section class=\"elementor-section elementor-top-section elementor-element elementor-element-b06a094 elementor-section-height-min-height elementor-section-boxed elementor-section-height-default elementor-section-items-middle\" data-id=\"b06a094\" data-element_type=\"section\" data-e-type=\"section\" data-settings=\"{&quot;background_background&quot;:&quot;classic&quot;}\">\n\t\t\t\t\t\t\t<div class=\"elementor-background-overlay\"><\/div>\n\t\t\t\t\t\t\t<div class=\"elementor-container elementor-column-gap-default\">\n\t\t\t\t\t<div class=\"elementor-column elementor-col-100 elementor-top-column elementor-element elementor-element-10898ae\" data-id=\"10898ae\" data-element_type=\"column\" data-e-type=\"column\">\n\t\t\t<div class=\"elementor-widget-wrap elementor-element-populated\">\n\t\t\t\t\t\t<div class=\"elementor-element elementor-element-a91e681 elementor-widget elementor-widget-heading\" data-id=\"a91e681\" data-element_type=\"widget\" data-e-type=\"widget\" data-widget_type=\"heading.default\">\n\t\t\t\t<div class=\"elementor-widget-container\">\n\t\t\t\t\t<h1 class=\"elementor-heading-title elementor-size-default\">Aquecimento Rointe<\/h1>\t\t\t\t<\/div>\n\t\t\t\t<\/div>\n\t\t\t\t\t<\/div>\n\t\t<\/div>\n\t\t\t\t\t<\/div>\n\t\t<\/section>\n\t\t\t\t<section class=\"elementor-section elementor-top-section elementor-element elementor-element-4fb6159 elementor-section-boxed elementor-section-height-default elementor-section-height-default\" data-id=\"4fb6159\" data-element_type=\"section\" data-e-type=\"section\">\n\t\t\t\t\t\t<div class=\"elementor-container elementor-column-gap-default\">\n\t\t\t\t\t<div class=\"elementor-column elementor-col-50 elementor-top-column elementor-element elementor-element-ad5b903\" data-id=\"ad5b903\" data-element_type=\"column\" data-e-type=\"column\">\n\t\t\t<div class=\"elementor-widget-wrap elementor-element-populated\">\n\t\t\t\t\t\t<div class=\"elementor-element elementor-element-41882c0 elementor-widget elementor-widget-heading\" data-id=\"41882c0\" data-element_type=\"widget\" data-e-type=\"widget\" data-widget_type=\"heading.default\">\n\t\t\t\t<div class=\"elementor-widget-container\">\n\t\t\t\t\t<h1 class=\"elementor-heading-title elementor-size-default\">Aquecimento Rointe<\/h1>\t\t\t\t<\/div>\n\t\t\t\t<\/div>\n\t\t\t\t<div class=\"elementor-element elementor-element-5579976 elementor-widget elementor-widget-text-editor\" data-id=\"5579976\" data-element_type=\"widget\" data-e-type=\"widget\" data-widget_type=\"text-editor.default\">\n\t\t\t\t<div class=\"elementor-widget-container\">\n\t\t\t\t\t\t\t\t\t<p>Composto por Alum\u00ednio de grande pureza (99%), injetado com alta densidade para obter o m\u00e1ximo rendimento e uma perfeita dissipa\u00e7\u00e3o de calor por convec\u00e7\u00e3o natural de ar, aproveitando 100% da energia consumida.<\/p><p>No seu interior o \u00f3leo t\u00e9rmico empregado \u00e9 de baixa viscosidade e alto rendimento calor\u00edfico, com um ponto de ebuli\u00e7\u00e3o de 330\u00baC, inalter\u00e1vel pelos anos de funcionamento.<br \/>O aquecimento do l\u00edquido \u00e9 feito por uma resist\u00eancia el\u00e9trica em a\u00e7o inoxid\u00e1vel, com um perfeito equil\u00edbrio watts-cent\u00edmetros. Uniforme dissipa\u00e7\u00e3o de calor a \u00f3leo permitindo uma longa vida de funcionamento.<\/p><p>\u00c9 controlado por eletr\u00f4nica digital de \u00faltima gera\u00e7\u00e3o, soldada sem chumbo, utilizando componentes de m\u00e1xima qualidade que garantem perfeito controle e total fiabilidade para a programa\u00e7\u00e3o do hor\u00e1rio de funcionamento e para a sele\u00e7\u00e3o da temperatura.<\/p><p>Controle remoto eletr\u00f4nico digital com tecnologia bidirecional (\u00fanico no mercado) por infravermelhos, capaz de programar o hor\u00e1rio e a temperatura de todos os radiadores e seca-toalhas de uma resid\u00eancia ou local de trabalho.<\/p><p align=\"left\">O funcionamento \u00e9 feito por convec\u00e7\u00e3o, produzido de forma natural, movido pelo especial desenho das alhetas de cada pe\u00e7a, conseguindo uma perfeita distribui\u00e7\u00e3o de calor em todo o espa\u00e7o, incluindo o ch\u00e3o, sem eliminar a umidade ou o oxig\u00eanio do ambiente, a sensa\u00e7\u00e3o de garganta seca.<\/p>\t\t\t\t\t\t\t\t<\/div>\n\t\t\t\t<\/div>\n\t\t\t\t\t<\/div>\n\t\t<\/div>\n\t\t\t\t<div class=\"elementor-column elementor-col-50 elementor-top-column elementor-element elementor-element-a080270\" data-id=\"a080270\" data-element_type=\"column\" data-e-type=\"column\" data-settings=\"{&quot;background_background&quot;:&quot;classic&quot;}\">\n\t\t\t<div class=\"elementor-widget-wrap elementor-element-populated\">\n\t\t\t\t\t\t<div class=\"elementor-element elementor-element-f562f71 elementor-view-default elementor-position-block-start elementor-mobile-position-block-start elementor-widget elementor-widget-icon-box\" data-id=\"f562f71\" data-element_type=\"widget\" data-e-type=\"widget\" data-widget_type=\"icon-box.default\">\n\t\t\t\t<div class=\"elementor-widget-container\">\n\t\t\t\t\t\t\t<div class=\"elementor-icon-box-wrapper\">\n\n\t\t\t\t\t\t<div class=\"elementor-icon-box-icon\">\n\t\t\t\t<span  class=\"elementor-icon\">\n\t\t\t\t<i aria-hidden=\"true\" class=\"fas fa-play-circle\"><\/i>\t\t\t\t<\/span>\n\t\t\t<\/div>\n\t\t\t\n\t\t\t\t\t\t<div class=\"elementor-icon-box-content\">\n\n\t\t\t\t\t\t\t\t\t<h3 class=\"elementor-icon-box-title\">\n\t\t\t\t\t\t<span  >\n\t\t\t\t\t\t\tAquecimento Roint\t\t\t\t\t\t<\/span>\n\t\t\t\t\t<\/h3>\n\t\t\t\t\n\t\t\t\t\n\t\t\t<\/div>\n\t\t\t\n\t\t<\/div>\n\t\t\t\t\t\t<\/div>\n\t\t\t\t<\/div>\n\t\t\t\t<div class=\"elementor-element elementor-element-b0ed81e elementor-widget elementor-widget-video\" data-id=\"b0ed81e\" data-element_type=\"widget\" data-e-type=\"widget\" data-settings=\"{&quot;youtube_url&quot;:&quot;https:\\\/\\\/youtu.be\\\/uDujH5bIVaY&quot;,&quot;video_type&quot;:&quot;youtube&quot;,&quot;controls&quot;:&quot;yes&quot;}\" data-widget_type=\"video.default\">\n\t\t\t\t<div class=\"elementor-widget-container\">\n\t\t\t\t\t\t\t<div class=\"elementor-wrapper elementor-open-inline\">\n\t\t\t<div class=\"elementor-video\"><\/div>\t\t<\/div>\n\t\t\t\t\t\t<\/div>\n\t\t\t\t<\/div>\n\t\t\t\t<div class=\"elementor-element elementor-element-3789113 elementor-widget elementor-widget-image\" data-id=\"3789113\" data-element_type=\"widget\" data-e-type=\"widget\" data-widget_type=\"image.default\">\n\t\t\t\t<div class=\"elementor-widget-container\">\n\t\t\t\t\t\t\t\t\t\t\t\t\t\t\t<img data-opt-id=811944752  fetchpriority=\"high\" decoding=\"async\" width=\"300\" height=\"90\" src=\"https:\/\/mlibb0mwkwo9.i.optimole.com\/cb:62NB.5857\/w:300\/h:90\/q:mauto\/f:best\/https:\/\/cristianocarvalho.net\/WordPress\/wp-content\/uploads\/2020\/04\/radiador-rointe-e1585838464645.png\" class=\"attachment-large size-large wp-image-1316\" alt=\"\" \/>\t\t\t\t\t\t\t\t\t\t\t\t\t\t\t<\/div>\n\t\t\t\t<\/div>\n\t\t\t\t<div class=\"elementor-element elementor-element-c4f02f4 elementor-align-center elementor-button-success elementor-widget elementor-widget-button\" data-id=\"c4f02f4\" data-element_type=\"widget\" data-e-type=\"widget\" data-widget_type=\"button.default\">\n\t\t\t\t<div class=\"elementor-widget-container\">\n\t\t\t\t\t\t\t\t\t<div class=\"elementor-button-wrapper\">\n\t\t\t\t\t<a class=\"elementor-button elementor-button-link elementor-size-sm elementor-animation-grow\" href=\"https:\/\/cristianocarvalho.net\/WordPress\/produto\/solicitar-precos-ou-orcamentos\/\">\n\t\t\t\t\t\t<span class=\"elementor-button-content-wrapper\">\n\t\t\t\t\t\t\t\t\t<span class=\"elementor-button-text\">Or\u00e7amentos<\/span>\n\t\t\t\t\t<\/span>\n\t\t\t\t\t<\/a>\n\t\t\t\t<\/div>\n\t\t\t\t\t\t\t\t<\/div>\n\t\t\t\t<\/div>\n\t\t\t\t\t<\/div>\n\t\t<\/div>\n\t\t\t\t\t<\/div>\n\t\t<\/section>\n\t\t\t\t<section class=\"elementor-section elementor-top-section elementor-element elementor-element-a2316a9 elementor-section-boxed elementor-section-height-default elementor-section-height-default\" data-id=\"a2316a9\" data-element_type=\"section\" data-e-type=\"section\" data-settings=\"{&quot;background_background&quot;:&quot;classic&quot;}\">\n\t\t\t\t\t\t\t<div class=\"elementor-background-overlay\"><\/div>\n\t\t\t\t\t\t\t<div class=\"elementor-container elementor-column-gap-default\">\n\t\t\t\t\t<div class=\"elementor-column elementor-col-50 elementor-top-column elementor-element elementor-element-a63385a\" data-id=\"a63385a\" data-element_type=\"column\" data-e-type=\"column\">\n\t\t\t<div class=\"elementor-widget-wrap elementor-element-populated\">\n\t\t\t\t\t\t<div class=\"elementor-element elementor-element-4df87e4 elementor-widget elementor-widget-text-editor\" data-id=\"4df87e4\" data-element_type=\"widget\" data-e-type=\"widget\" data-widget_type=\"text-editor.default\">\n\t\t\t\t<div class=\"elementor-widget-container\">\n\t\t\t\t\t\t\t\t\t<h2 style=\"text-align: center;\"><span style=\"color: #ffffff;\"><strong>Bem-estar sem varia\u00e7\u00f5es t\u00e9rmicas.<\/strong><\/span><\/h2>\n<p>O Optimizer Energy Plus minimiza a oscila\u00e7\u00e3o t\u00e9rmica ao produzir milh\u00f5es de micro cortes na fonte de alimenta\u00e7\u00e3o da resist\u00eancia. O uso deste software reduz a varia\u00e7\u00e3o para \u00b1 0,07 \u00b0C em compara\u00e7\u00e3o com \u00b1 2 \u00b0C dos sistemas.<\/p>\n<p>Os radiadores da s\u00e9rie Kyros e Sygma incluem as tecnologias patenteadas de otimiza\u00e7\u00e3o de energia Fuzzy Logic Energy Control e Optimizer Energy Plus, respetivamente, que aumentam a poupan\u00e7a sem reduzir o conforto. Estas tecnologias melhoram a gest\u00e3o da energia necess\u00e1ria para manter uma temperatura est\u00e1vel, analisando as varia\u00e7\u00f5es t\u00e9rmicas do ambiente com precis\u00e3o, para transmitir calor e bem-estar da forma mais eficiente,&nbsp;<strong>alcan\u00e7ando at\u00e9 62% do coeficiente equivalente de n\u00e3o consumo.<\/strong><\/p>\t\t\t\t\t\t\t\t<\/div>\n\t\t\t\t<\/div>\n\t\t\t\t\t<\/div>\n\t\t<\/div>\n\t\t\t\t<div class=\"elementor-column elementor-col-50 elementor-top-column elementor-element elementor-element-e263193\" data-id=\"e263193\" data-element_type=\"column\" data-e-type=\"column\" data-settings=\"{&quot;background_background&quot;:&quot;classic&quot;}\">\n\t\t\t<div class=\"elementor-widget-wrap elementor-element-populated\">\n\t\t\t\t\t\t<div class=\"elementor-element elementor-element-289c834 elementor-view-default elementor-position-block-start elementor-mobile-position-block-start elementor-widget elementor-widget-icon-box\" data-id=\"289c834\" data-element_type=\"widget\" data-e-type=\"widget\" data-widget_type=\"icon-box.default\">\n\t\t\t\t<div class=\"elementor-widget-container\">\n\t\t\t\t\t\t\t<div class=\"elementor-icon-box-wrapper\">\n\n\t\t\t\t\t\t<div class=\"elementor-icon-box-icon\">\n\t\t\t\t<a href=\"https:\/\/youtu.be\/uDujH5bIVaY\" target=\"_blank\" class=\"elementor-icon\" tabindex=\"-1\" aria-label=\"Caracter\u00edsticas:\">\n\t\t\t\t<i aria-hidden=\"true\" class=\"fas fa-vote-yea\"><\/i>\t\t\t\t<\/a>\n\t\t\t<\/div>\n\t\t\t\n\t\t\t\t\t\t<div class=\"elementor-icon-box-content\">\n\n\t\t\t\t\t\t\t\t\t<h3 class=\"elementor-icon-box-title\">\n\t\t\t\t\t\t<a href=\"https:\/\/youtu.be\/uDujH5bIVaY\" target=\"_blank\" >\n\t\t\t\t\t\t\tCaracter\u00edsticas:\t\t\t\t\t\t<\/a>\n\t\t\t\t\t<\/h3>\n\t\t\t\t\n\t\t\t\t\n\t\t\t<\/div>\n\t\t\t\n\t\t<\/div>\n\t\t\t\t\t\t<\/div>\n\t\t\t\t<\/div>\n\t\t\t\t<div class=\"elementor-element elementor-element-9e95751 elementor-widget elementor-widget-image\" data-id=\"9e95751\" data-element_type=\"widget\" data-e-type=\"widget\" data-widget_type=\"image.default\">\n\t\t\t\t<div class=\"elementor-widget-container\">\n\t\t\t\t\t\t\t\t\t\t\t\t\t\t\t\t<a href=\"https:\/\/mlibb0mwkwo9.i.optimole.com\/cb:62NB.5857\/w:auto\/h:auto\/q:mauto\/f:best\/https:\/\/cristianocarvalho.net\/WordPress\/wp-content\/uploads\/2020\/04\/rointe-optimizer-energy-plus-graphics.png\" data-elementor-open-lightbox=\"yes\" data-elementor-lightbox-title=\"rointe-optimizer-energy-plus-graphics\" data-e-action-hash=\"#elementor-action%3Aaction%3Dlightbox%26settings%3DeyJpZCI6MTM0NiwidXJsIjoiaHR0cHM6XC9cL2NyaXN0aWFub2NhcnZhbGhvLm5ldFwvV29yZFByZXNzXC93cC1jb250ZW50XC91cGxvYWRzXC8yMDIwXC8wNFwvcm9pbnRlLW9wdGltaXplci1lbmVyZ3ktcGx1cy1ncmFwaGljcy5wbmcifQ%3D%3D\">\n\t\t\t\t\t\t\t<img data-opt-id=484595322  fetchpriority=\"high\" decoding=\"async\" width=\"700\" height=\"354\" src=\"https:\/\/mlibb0mwkwo9.i.optimole.com\/cb:62NB.5857\/w:700\/h:354\/q:mauto\/f:best\/https:\/\/cristianocarvalho.net\/WordPress\/wp-content\/uploads\/2020\/04\/rointe-optimizer-energy-plus-graphics.png\" class=\"attachment-large size-large wp-image-1346\" alt=\"\" srcset=\"https:\/\/mlibb0mwkwo9.i.optimole.com\/cb:62NB.5857\/w:700\/h:354\/q:mauto\/f:best\/https:\/\/cristianocarvalho.net\/WordPress\/wp-content\/uploads\/2020\/04\/rointe-optimizer-energy-plus-graphics.png 700w, https:\/\/mlibb0mwkwo9.i.optimole.com\/cb:62NB.5857\/w:600\/h:303\/q:mauto\/f:best\/https:\/\/cristianocarvalho.net\/WordPress\/wp-content\/uploads\/2020\/04\/rointe-optimizer-energy-plus-graphics.png 600w, https:\/\/mlibb0mwkwo9.i.optimole.com\/cb:62NB.5857\/w:300\/h:152\/q:mauto\/f:best\/https:\/\/cristianocarvalho.net\/WordPress\/wp-content\/uploads\/2020\/04\/rointe-optimizer-energy-plus-graphics.png 300w\" sizes=\"(max-width: 700px) 100vw, 700px\" \/>\t\t\t\t\t\t\t\t<\/a>\n\t\t\t\t\t\t\t\t\t\t\t\t\t\t\t<\/div>\n\t\t\t\t<\/div>\n\t\t\t\t\t<\/div>\n\t\t<\/div>\n\t\t\t\t\t<\/div>\n\t\t<\/section>\n\t\t\t\t<section class=\"elementor-section elementor-top-section elementor-element elementor-element-ce0a983 elementor-section-boxed elementor-section-height-default elementor-section-height-default\" data-id=\"ce0a983\" data-element_type=\"section\" data-e-type=\"section\" data-settings=\"{&quot;background_background&quot;:&quot;classic&quot;}\">\n\t\t\t\t\t\t\t<div class=\"elementor-background-overlay\"><\/div>\n\t\t\t\t\t\t\t<div class=\"elementor-container elementor-column-gap-default\">\n\t\t\t\t\t<div class=\"elementor-column elementor-col-50 elementor-top-column elementor-element elementor-element-64cfec7\" data-id=\"64cfec7\" data-element_type=\"column\" data-e-type=\"column\">\n\t\t\t<div class=\"elementor-widget-wrap elementor-element-populated\">\n\t\t\t\t\t\t<div class=\"elementor-element elementor-element-eddcdac elementor-widget elementor-widget-heading\" data-id=\"eddcdac\" data-element_type=\"widget\" data-e-type=\"widget\" data-widget_type=\"heading.default\">\n\t\t\t\t<div class=\"elementor-widget-container\">\n\t\t\t\t\t<h2 class=\"elementor-heading-title elementor-size-default\">Caracteristicas:<\/h2>\t\t\t\t<\/div>\n\t\t\t\t<\/div>\n\t\t\t\t<div class=\"elementor-element elementor-element-a538ccd elementor-widget elementor-widget-text-editor\" data-id=\"a538ccd\" data-element_type=\"widget\" data-e-type=\"widget\" data-widget_type=\"text-editor.default\">\n\t\t\t\t<div class=\"elementor-widget-container\">\n\t\t\t\t\t\t\t\t\t<h3>Os aquecedores a \u00f3leo s\u00e3o coisa do passado.<\/h3>\n<p>Geralmente, quando estamos \u00e0 procura de aquecedores el\u00e9tricos de baixo consumo, tanto em grandes \u00e1reas superf\u00edcies como na Internet,&nbsp;temos tend\u00eancia de procurar pequenos&nbsp;radiadores de alta pot\u00eancia e, se poss\u00edvel, com rodas para mov\u00ea-los de entre divis\u00f5es da casa.<br>Estas solu\u00e7\u00f5es s\u00e3o desequilibradas em termos de pot\u00eancia e n\u00e3o permitem obter o conforto&nbsp;ou a efici\u00eancia energ\u00e9tica desejada.<\/p>\n<h3>Diferentes tamanhos de radiador para diferentes tamanhos de divis\u00e3o.<\/h3>\n<p>Para garantir a m\u00e1xima efici\u00eancia energ\u00e9tica, a dimens\u00e3o do aquecedor el\u00e9trico de baixo consumo deve ser a correta.<br>Isto significa que nem todos os modelos e tamanhos de radiadores s\u00e3o v\u00e1lidos para todas as divis\u00f5es&nbsp;da sua casa. Dependendo do tamanho de cada divis\u00e3o,&nbsp;poder\u00e1 saber o n\u00famero de elementos (nome dos segmentos que&nbsp;constituem o radiador)&nbsp;necess\u00e1rios para aquecer a mesma adequadamente. O equil\u00edbrio entre a pot\u00eancia e o n\u00famero de elementos tornar\u00e1 o seu aquecimento 100% eficiente e eficaz.<br>Em resumo e explicando de forma simples, um radiador de 3 elementos nunca poder\u00e1 aquecer uma sala de 12 m\u00b2.<\/p>\n<p>Fonte: Rointe<\/p>\t\t\t\t\t\t\t\t<\/div>\n\t\t\t\t<\/div>\n\t\t\t\t\t<\/div>\n\t\t<\/div>\n\t\t\t\t<div class=\"elementor-column elementor-col-50 elementor-top-column elementor-element elementor-element-878eeb9\" data-id=\"878eeb9\" data-element_type=\"column\" data-e-type=\"column\" data-settings=\"{&quot;background_background&quot;:&quot;classic&quot;}\">\n\t\t\t<div class=\"elementor-widget-wrap elementor-element-populated\">\n\t\t\t\t\t\t<div class=\"elementor-element elementor-element-d16ed93 elementor-widget elementor-widget-image\" data-id=\"d16ed93\" data-element_type=\"widget\" data-e-type=\"widget\" data-widget_type=\"image.default\">\n\t\t\t\t<div class=\"elementor-widget-container\">\n\t\t\t\t\t\t\t\t\t\t\t\t\t\t\t\t<a href=\"https:\/\/mlibb0mwkwo9.i.optimole.com\/cb:62NB.5857\/w:auto\/h:auto\/q:mauto\/f:best\/https:\/\/cristianocarvalho.net\/WordPress\/wp-content\/uploads\/2020\/04\/radiador-rointe.jpg\" data-elementor-open-lightbox=\"yes\" data-elementor-lightbox-title=\"radiador-rointe\" data-e-action-hash=\"#elementor-action%3Aaction%3Dlightbox%26settings%3DeyJpZCI6MTM0OCwidXJsIjoiaHR0cHM6XC9cL2NyaXN0aWFub2NhcnZhbGhvLm5ldFwvV29yZFByZXNzXC93cC1jb250ZW50XC91cGxvYWRzXC8yMDIwXC8wNFwvcmFkaWFkb3Itcm9pbnRlLmpwZyJ9\">\n\t\t\t\t\t\t\t<img data-opt-id=660783574  fetchpriority=\"high\" decoding=\"async\" width=\"600\" height=\"600\" src=\"https:\/\/mlibb0mwkwo9.i.optimole.com\/cb:62NB.5857\/w:600\/h:600\/q:mauto\/f:best\/https:\/\/cristianocarvalho.net\/WordPress\/wp-content\/uploads\/2020\/04\/radiador-rointe.jpg\" class=\"attachment-large size-large wp-image-1348\" alt=\"\" srcset=\"https:\/\/mlibb0mwkwo9.i.optimole.com\/cb:62NB.5857\/w:600\/h:600\/q:mauto\/f:best\/https:\/\/cristianocarvalho.net\/WordPress\/wp-content\/uploads\/2020\/04\/radiador-rointe.jpg 600w, https:\/\/mlibb0mwkwo9.i.optimole.com\/cb:62NB.5857\/w:300\/h:300\/q:mauto\/f:best\/https:\/\/cristianocarvalho.net\/WordPress\/wp-content\/uploads\/2020\/04\/radiador-rointe.jpg 300w, https:\/\/mlibb0mwkwo9.i.optimole.com\/cb:62NB.5857\/w:100\/h:100\/q:mauto\/f:best\/dpr:2\/https:\/\/cristianocarvalho.net\/WordPress\/wp-content\/uploads\/2020\/04\/radiador-rointe.jpg 100w, https:\/\/mlibb0mwkwo9.i.optimole.com\/cb:62NB.5857\/w:150\/h:150\/q:mauto\/f:best\/https:\/\/cristianocarvalho.net\/WordPress\/wp-content\/uploads\/2020\/04\/radiador-rointe.jpg 150w\" sizes=\"(max-width: 600px) 100vw, 600px\" \/>\t\t\t\t\t\t\t\t<\/a>\n\t\t\t\t\t\t\t\t\t\t\t\t\t\t\t<\/div>\n\t\t\t\t<\/div>\n\t\t\t\t\t<\/div>\n\t\t<\/div>\n\t\t\t\t\t<\/div>\n\t\t<\/section>\n\t\t\t\t<section class=\"elementor-section elementor-top-section elementor-element elementor-element-e75d6df elementor-section-height-min-height elementor-section-boxed elementor-section-height-default elementor-section-items-middle\" data-id=\"e75d6df\" data-element_type=\"section\" data-e-type=\"section\" data-settings=\"{&quot;background_background&quot;:&quot;classic&quot;}\">\n\t\t\t\t\t\t\t<div class=\"elementor-background-overlay\"><\/div>\n\t\t\t\t\t\t\t<div class=\"elementor-container elementor-column-gap-default\">\n\t\t\t\t\t<div class=\"elementor-column elementor-col-100 elementor-top-column elementor-element elementor-element-00b3567\" data-id=\"00b3567\" data-element_type=\"column\" data-e-type=\"column\">\n\t\t\t<div class=\"elementor-widget-wrap elementor-element-populated\">\n\t\t\t\t\t\t<div class=\"elementor-element elementor-element-69ced31 elementor-widget-divider--separator-type-pattern elementor-widget-divider--view-line elementor-widget elementor-widget-divider\" data-id=\"69ced31\" data-element_type=\"widget\" data-e-type=\"widget\" data-widget_type=\"divider.default\">\n\t\t\t\t<div class=\"elementor-widget-container\">\n\t\t\t\t\t\t\t<div class=\"elementor-divider\" style=\"--divider-pattern-url: url(&quot;data:image\/svg+xml,%3Csvg xmlns=&#039;http:\/\/www.w3.org\/2000\/svg&#039; preserveAspectRatio=&#039;none&#039; overflow=&#039;visible&#039; height=&#039;100%&#039; viewBox=&#039;0 0 24 24&#039; fill=&#039;none&#039; stroke=&#039;black&#039; stroke-width=&#039;2&#039; stroke-linecap=&#039;square&#039; stroke-miterlimit=&#039;10&#039;%3E%3Cpath d=&#039;M0,6c6,0,6,13,12,13S18,6,24,6&#039;\/%3E%3C\/svg%3E&quot;);\">\n\t\t\t<span class=\"elementor-divider-separator\">\n\t\t\t\t\t\t<\/span>\n\t\t<\/div>\n\t\t\t\t\t\t<\/div>\n\t\t\t\t<\/div>\n\t\t\t\t\t<\/div>\n\t\t<\/div>\n\t\t\t\t\t<\/div>\n\t\t<\/section>\n\t\t\t\t<\/div>\n\t\t","protected":false},"excerpt":{"rendered":"<p>Aquecimento Rointe Aquecimento Rointe Composto por Alum\u00ednio de grande pureza (99%), injetado com alta densidade para obter o m\u00e1ximo rendimento e uma perfeita dissipa\u00e7\u00e3o de calor por convec\u00e7\u00e3o natural de ar, aproveitando 100% da energia consumida. No seu interior o \u00f3leo t\u00e9rmico empregado \u00e9 de baixa viscosidade e alto rendimento calor\u00edfico, com um ponto de &#8230; <a title=\"Aquecimento Rointe\" class=\"read-more\" href=\"https:\/\/cristianocarvalho.net\/WordPress\/aquecimento-rointe\/\" aria-label=\"Leia mais sobre Aquecimento Rointe\">Ler mais<\/a><\/p>\n","protected":false},"author":1,"featured_media":0,"parent":0,"menu_order":0,"comment_status":"closed","ping_status":"closed","template":"","meta":{"footnotes":""},"class_list":["post-1293","page","type-page","status-publish"],"_links":{"self":[{"href":"https:\/\/cristianocarvalho.net\/WordPress\/wp-json\/wp\/v2\/pages\/1293","targetHints":{"allow":["GET"]}}],"collection":[{"href":"https:\/\/cristianocarvalho.net\/WordPress\/wp-json\/wp\/v2\/pages"}],"about":[{"href":"https:\/\/cristianocarvalho.net\/WordPress\/wp-json\/wp\/v2\/types\/page"}],"author":[{"embeddable":true,"href":"https:\/\/cristianocarvalho.net\/WordPress\/wp-json\/wp\/v2\/users\/1"}],"replies":[{"embeddable":true,"href":"https:\/\/cristianocarvalho.net\/WordPress\/wp-json\/wp\/v2\/comments?post=1293"}],"version-history":[{"count":73,"href":"https:\/\/cristianocarvalho.net\/WordPress\/wp-json\/wp\/v2\/pages\/1293\/revisions"}],"predecessor-version":[{"id":3474,"href":"https:\/\/cristianocarvalho.net\/WordPress\/wp-json\/wp\/v2\/pages\/1293\/revisions\/3474"}],"wp:attachment":[{"href":"https:\/\/cristianocarvalho.net\/WordPress\/wp-json\/wp\/v2\/media?parent=1293"}],"curies":[{"name":"wp","href":"https:\/\/api.w.org\/{rel}","templated":true}]}}